{"id":3625,"date":"2019-09-02T14:38:41","date_gmt":"2019-09-02T11:38:41","guid":{"rendered":"https:\/\/istsummit.com\/?page_id=3625"},"modified":"2023-07-23T00:45:11","modified_gmt":"2023-07-22T21:45:11","slug":"danisma-kurulu","status":"publish","type":"page","link":"https:\/\/istsummit.com\/tr\/danisma-kurulu\/","title":{"rendered":"DANI\u015eMA KURULU"},"content":{"rendered":"<div class=\"wpb-content-wrapper\">[vc_row row_type=&#8221;row&#8221; text_align=&#8221;left&#8221; css_animation=&#8221;&#8221;][vc_column][vc_separator type=&#8221;transparent&#8221; down=&#8221;40&#8243; up=&#8221;20&#8243;][\/vc_column][\/vc_row][vc_row row_type=&#8221;row&#8221; text_align=&#8221;left&#8221; css_animation=&#8221;&#8221;][vc_column][vc_text_separator title=&#8221;DANI\u015eMA KURULU&#8221; border=&#8221;no&#8221; icon=&#8221;&#8221;][\/vc_column][\/vc_row][vc_row row_type=&#8221;row&#8221; text_align=&#8221;left&#8221; css_animation=&#8221;&#8221;][vc_column][vc_separator type=&#8221;transparent&#8221; down=&#8221;40&#8243; up=&#8221;40&#8243;][\/vc_column][\/vc_row][vc_row row_type=&#8221;row&#8221; text_align=&#8221;left&#8221; css_animation=&#8221;&#8221;][vc_column width=&#8221;1\/4&#8243;][\/vc_column][vc_column width=&#8221;1\/2&#8243;][vc_separator type=&#8221;transparent&#8221; down=&#8221;6&#8243; up=&#8221;6&#8243;][vc_column_text]\n<h3 style=\"text-align: center;\">Hakan YURDAKUL<\/h3>\n[\/vc_column_text][vc_column_text]\n<p style=\"text-align: center;\">T\u00fcrkiye Cumhuriyeti Cumhurba\u015fkanl\u0131\u011f\u0131,<br \/>\nEkonomi Politikalar\u0131 Kurulu \u00dcyesi,<br \/>\nT\u00dcRK\u0130YE<\/p>\n[\/vc_column_text][vc_separator type=&#8221;transparent&#8221; down=&#8221;6&#8243; up=&#8221;6&#8243;][\/vc_column][vc_column width=&#8221;1\/4&#8243;][\/vc_column][\/vc_row][vc_row row_type=&#8221;row&#8221; text_align=&#8221;left&#8221; css_animation=&#8221;&#8221;][vc_column][vc_separator type=&#8221;normal&#8221; down=&#8221;24&#8243; up=&#8221;24&#8243; thickness=&#8221;1&#8243;][\/vc_column][\/vc_row][vc_row row_type=&#8221;row&#8221; text_align=&#8221;left&#8221; css_animation=&#8221;&#8221;][vc_column width=&#8221;1\/4&#8243;][\/vc_column][vc_column width=&#8221;1\/2&#8243;][vc_separator type=&#8221;transparent&#8221; down=&#8221;6&#8243; up=&#8221;6&#8243;][vc_column_text]\n<h3 style=\"text-align: center;\">Furkan \u00dcNAL<\/h3>\n[\/vc_column_text][vc_column_text]\n<p style=\"text-align: center;\">Y\u00fcr\u00fctme ve Dan\u0131\u015fma Kurulu Ba\u015fkan Vekili,<br \/>\n\u0130stanbul Finans Zirvesi,<br \/>\nT\u00dcRK\u0130YE<\/p>\n[\/vc_column_text][vc_separator type=&#8221;transparent&#8221; down=&#8221;6&#8243; up=&#8221;6&#8243;][\/vc_column][vc_column width=&#8221;1\/4&#8243;][\/vc_column][\/vc_row][vc_row row_type=&#8221;row&#8221; text_align=&#8221;left&#8221; css_animation=&#8221;&#8221;][vc_column][vc_separator type=&#8221;normal&#8221; down=&#8221;24&#8243; up=&#8221;24&#8243; thickness=&#8221;1&#8243;][\/vc_column][\/vc_row][vc_row row_type=&#8221;row&#8221; text_align=&#8221;left&#8221; css_animation=&#8221;&#8221;][vc_column width=&#8221;1\/4&#8243;][\/vc_column][vc_column width=&#8221;1\/2&#8243;][vc_separator type=&#8221;transparent&#8221; down=&#8221;6&#8243; up=&#8221;6&#8243;][vc_column_text]\n<h3 style=\"text-align: center;\">Shezad ABED\u0130<\/h3>\n[\/vc_column_text][vc_column_text]\n<p style=\"text-align: center;\">Ortak, Water-Invest,<br \/>\n\u0130NG\u0130LTERE<\/p>\n[\/vc_column_text][vc_separator type=&#8221;transparent&#8221; down=&#8221;6&#8243; up=&#8221;6&#8243;][\/vc_column][vc_column width=&#8221;1\/4&#8243;][\/vc_column][\/vc_row][vc_row row_type=&#8221;row&#8221; text_align=&#8221;left&#8221; css_animation=&#8221;&#8221;][vc_column][vc_separator type=&#8221;normal&#8221; down=&#8221;24&#8243; up=&#8221;24&#8243; thickness=&#8221;1&#8243;][\/vc_column][\/vc_row][vc_row row_type=&#8221;row&#8221; text_align=&#8221;left&#8221; css_animation=&#8221;&#8221;][vc_column width=&#8221;1\/4&#8243;][\/vc_column][vc_column width=&#8221;1\/2&#8243;][vc_separator type=&#8221;transparent&#8221; down=&#8221;6&#8243; up=&#8221;6&#8243;][vc_column_text]\n<h3 style=\"text-align: center;\">Prof. Dr. Kerem ALK\u0130N<\/h3>\n[\/vc_column_text][vc_column_text]\n<p style=\"text-align: center;\">\u00d6\u011fretim \u00dcyesi, Medipol \u00dcniversitesi,<br \/>\nT\u00dcRK\u0130YE<\/p>\n[\/vc_column_text][vc_separator type=&#8221;transparent&#8221; down=&#8221;6&#8243; up=&#8221;6&#8243;][\/vc_column][vc_column width=&#8221;1\/4&#8243;][\/vc_column][\/vc_row][vc_row row_type=&#8221;row&#8221; text_align=&#8221;left&#8221; css_animation=&#8221;&#8221;][vc_column][vc_separator type=&#8221;normal&#8221; down=&#8221;24&#8243; up=&#8221;24&#8243; thickness=&#8221;1&#8243;][\/vc_column][\/vc_row][vc_row row_type=&#8221;row&#8221; text_align=&#8221;left&#8221; css_animation=&#8221;&#8221;][vc_column width=&#8221;1\/4&#8243;][\/vc_column][vc_column width=&#8221;1\/2&#8243;][vc_separator type=&#8221;transparent&#8221; down=&#8221;6&#8243; up=&#8221;6&#8243;][vc_column_text]\n<h3 style=\"text-align: center;\">Osman ARSLAN<\/h3>\n[\/vc_column_text][vc_column_text]\n<p style=\"text-align: center;\">Genel M\u00fcd\u00fcr ve Y\u00f6netim Kurulu \u00dcyesi, Halkbank,<br \/>\nT\u00dcRK\u0130YE<\/p>\n[\/vc_column_text][vc_separator type=&#8221;transparent&#8221; down=&#8221;6&#8243; up=&#8221;6&#8243;][\/vc_column][vc_column width=&#8221;1\/4&#8243;][\/vc_column][\/vc_row][vc_row row_type=&#8221;row&#8221; text_align=&#8221;left&#8221; css_animation=&#8221;&#8221;][vc_column][vc_separator type=&#8221;normal&#8221; down=&#8221;24&#8243; up=&#8221;24&#8243; thickness=&#8221;1&#8243;][\/vc_column][\/vc_row][vc_row row_type=&#8221;row&#8221; text_align=&#8221;left&#8221; css_animation=&#8221;&#8221;][vc_column width=&#8221;1\/4&#8243;][\/vc_column][vc_column width=&#8221;1\/2&#8243;][vc_separator type=&#8221;transparent&#8221; down=&#8221;6&#8243; up=&#8221;6&#8243;][vc_column_text]\n<h3 style=\"text-align: center;\">Fatih AYDIN<\/h3>\n[\/vc_column_text][vc_column_text]\n<p style=\"text-align: center;\">Ortak, Blue River Capital Management,<br \/>\n\u0130NG\u0130LTERE<\/p>\n[\/vc_column_text][vc_separator type=&#8221;transparent&#8221; down=&#8221;6&#8243; up=&#8221;6&#8243;][\/vc_column][vc_column width=&#8221;1\/4&#8243;][\/vc_column][\/vc_row][vc_row row_type=&#8221;row&#8221; text_align=&#8221;left&#8221; css_animation=&#8221;&#8221;][vc_column][vc_separator type=&#8221;normal&#8221; down=&#8221;24&#8243; up=&#8221;24&#8243; thickness=&#8221;1&#8243;][\/vc_column][\/vc_row][vc_row row_type=&#8221;row&#8221; text_align=&#8221;left&#8221; css_animation=&#8221;&#8221;][vc_column width=&#8221;1\/4&#8243;][\/vc_column][vc_column width=&#8221;1\/2&#8243;][vc_separator type=&#8221;transparent&#8221; down=&#8221;6&#8243; up=&#8221;6&#8243;][vc_column_text]\n<h3 style=\"text-align: center;\">Amer BUKVIC<\/h3>\n[\/vc_column_text][vc_column_text]\n<p style=\"text-align: center;\">\u0130cra Kurulu Ba\u015fkan\u0131, Bosna Bank International,<br \/>\nBOSNA HERSEK<\/p>\n[\/vc_column_text][vc_separator type=&#8221;transparent&#8221; down=&#8221;6&#8243; up=&#8221;6&#8243;][\/vc_column][vc_column width=&#8221;1\/4&#8243;][\/vc_column][\/vc_row][vc_row row_type=&#8221;row&#8221; text_align=&#8221;left&#8221; css_animation=&#8221;&#8221;][vc_column][vc_separator type=&#8221;normal&#8221; down=&#8221;24&#8243; up=&#8221;24&#8243; thickness=&#8221;1&#8243;][\/vc_column][\/vc_row][vc_row row_type=&#8221;row&#8221; text_align=&#8221;left&#8221; css_animation=&#8221;&#8221;][vc_column width=&#8221;1\/4&#8243;][\/vc_column][vc_column width=&#8221;1\/2&#8243;][vc_separator type=&#8221;transparent&#8221; down=&#8221;6&#8243; up=&#8221;6&#8243;][vc_column_text]\n<h3 style=\"text-align: center;\">H. Cenk EYNEHAN<\/h3>\n[\/vc_column_text][vc_column_text]\n<p style=\"text-align: center;\">Genel M\u00fcd\u00fcr, Pasha Bank,<br \/>\nT\u00dcRK\u0130YE<\/p>\n[\/vc_column_text][vc_separator type=&#8221;transparent&#8221; down=&#8221;6&#8243; up=&#8221;6&#8243;][\/vc_column][vc_column width=&#8221;1\/4&#8243;][\/vc_column][\/vc_row][vc_row row_type=&#8221;row&#8221; text_align=&#8221;left&#8221; css_animation=&#8221;&#8221;][vc_column][vc_separator type=&#8221;normal&#8221; down=&#8221;24&#8243; up=&#8221;24&#8243; thickness=&#8221;1&#8243;][\/vc_column][\/vc_row][vc_row row_type=&#8221;row&#8221; text_align=&#8221;left&#8221; css_animation=&#8221;&#8221;][vc_column width=&#8221;1\/4&#8243;][\/vc_column][vc_column width=&#8221;1\/2&#8243;][vc_separator type=&#8221;transparent&#8221; down=&#8221;6&#8243; up=&#8221;6&#8243;][vc_column_text]\n<h3 style=\"text-align: center;\">M\u00fccahit FINDIKLI<\/h3>\n[\/vc_column_text][vc_column_text]\n<p style=\"text-align: center;\">23. ve 24. D\u00f6nem Milletvekili, T\u00fcrkiye B\u00fcy\u00fck Millet Meclisi,<br \/>\nT\u00dcRK\u0130YE<\/p>\n[\/vc_column_text][vc_separator type=&#8221;transparent&#8221; down=&#8221;6&#8243; up=&#8221;6&#8243;][\/vc_column][vc_column width=&#8221;1\/4&#8243;][\/vc_column][\/vc_row][vc_row row_type=&#8221;row&#8221; text_align=&#8221;left&#8221; css_animation=&#8221;&#8221;][vc_column width=&#8221;1\/4&#8243;][\/vc_column][vc_column width=&#8221;1\/2&#8243;][vc_separator type=&#8221;transparent&#8221; down=&#8221;6&#8243; up=&#8221;6&#8243;][\/vc_column][vc_column width=&#8221;1\/4&#8243;][\/vc_column][\/vc_row][vc_row row_type=&#8221;row&#8221; text_align=&#8221;left&#8221; css_animation=&#8221;&#8221;][vc_column][vc_separator type=&#8221;normal&#8221; down=&#8221;24&#8243; up=&#8221;24&#8243; thickness=&#8221;1&#8243;][\/vc_column][\/vc_row][vc_row row_type=&#8221;row&#8221; text_align=&#8221;left&#8221; css_animation=&#8221;&#8221;][vc_column width=&#8221;1\/4&#8243;][\/vc_column][vc_column width=&#8221;1\/2&#8243;][vc_separator type=&#8221;transparent&#8221; down=&#8221;6&#8243; up=&#8221;6&#8243;][vc_column_text]\n<h3 style=\"text-align: center;\">Cornelia MEYER<\/h3>\n[\/vc_column_text][vc_column_text]\n<p style=\"text-align: center;\">Ba\u015fkan ve Genel M\u00fcd\u00fcr, Meyer Resources (MRL \u015eirketi),<br \/>\n\u0130NG\u0130LTERE<\/p>\n[\/vc_column_text][vc_separator type=&#8221;transparent&#8221; down=&#8221;6&#8243; up=&#8221;6&#8243;][\/vc_column][vc_column width=&#8221;1\/4&#8243;][\/vc_column][\/vc_row][vc_row row_type=&#8221;row&#8221; text_align=&#8221;left&#8221; css_animation=&#8221;&#8221;][vc_column][vc_separator type=&#8221;normal&#8221; down=&#8221;24&#8243; up=&#8221;24&#8243; thickness=&#8221;1&#8243;][\/vc_column][\/vc_row][vc_row row_type=&#8221;row&#8221; text_align=&#8221;left&#8221; css_animation=&#8221;&#8221;][vc_column width=&#8221;1\/4&#8243;][\/vc_column][vc_column width=&#8221;1\/2&#8243;][vc_separator type=&#8221;transparent&#8221; down=&#8221;6&#8243; up=&#8221;6&#8243;][vc_column_text]\n<h3 style=\"text-align: center;\">Necdet \u00d6NCEG\u0130L<\/h3>\n[\/vc_column_text][vc_column_text]\n<p style=\"text-align: center;\">Y\u00f6netim Kurulu Ba\u015fkan\u0131, SAFRANTEK,<br \/>\nT\u00dcRK\u0130YE<\/p>\n[\/vc_column_text][vc_separator type=&#8221;transparent&#8221; down=&#8221;6&#8243; up=&#8221;6&#8243;][\/vc_column][vc_column width=&#8221;1\/4&#8243;][\/vc_column][\/vc_row][vc_row row_type=&#8221;row&#8221; text_align=&#8221;left&#8221; css_animation=&#8221;&#8221;][vc_column][vc_separator type=&#8221;normal&#8221; down=&#8221;24&#8243; up=&#8221;24&#8243; thickness=&#8221;1&#8243;][\/vc_column][\/vc_row][vc_row row_type=&#8221;row&#8221; text_align=&#8221;left&#8221; css_animation=&#8221;&#8221;][vc_column width=&#8221;1\/4&#8243;][\/vc_column][vc_column width=&#8221;1\/2&#8243;][vc_separator type=&#8221;transparent&#8221; down=&#8221;6&#8243; up=&#8221;6&#8243;][vc_column_text]\n<h3 style=\"text-align: center;\">H.E. Shaid MAL\u0130K<\/h3>\n[\/vc_column_text][vc_column_text]\n<p style=\"text-align: center;\">Eski Bakan, \u0130ngiltere H\u00fck\u00fcmeti,<br \/>\n\u0130NG\u0130LTERE<\/p>\n[\/vc_column_text][vc_separator type=&#8221;transparent&#8221; down=&#8221;6&#8243; up=&#8221;6&#8243;][\/vc_column][vc_column width=&#8221;1\/4&#8243;][\/vc_column][\/vc_row][vc_row row_type=&#8221;row&#8221; text_align=&#8221;left&#8221; css_animation=&#8221;&#8221;][vc_column][vc_separator type=&#8221;normal&#8221; down=&#8221;24&#8243; up=&#8221;24&#8243; thickness=&#8221;1&#8243;][\/vc_column][\/vc_row][vc_row row_type=&#8221;row&#8221; text_align=&#8221;left&#8221; css_animation=&#8221;&#8221;][vc_column width=&#8221;1\/4&#8243;][\/vc_column][vc_column width=&#8221;1\/2&#8243;][vc_separator type=&#8221;transparent&#8221; down=&#8221;6&#8243; up=&#8221;6&#8243;][vc_column_text]\n<h3 style=\"text-align: center;\">Prof. Dr. Mutlu Ba\u015faran \u00d6ZT\u00dcRK<\/h3>\n[\/vc_column_text][vc_column_text]\n<p style=\"text-align: center;\">Ni\u011fde \u00d6mer Halisdemir \u00dcniversitesi,<br \/>\nT\u00dcRK\u0130YE<\/p>\n[\/vc_column_text][vc_separator type=&#8221;transparent&#8221; down=&#8221;6&#8243; up=&#8221;6&#8243;][\/vc_column][vc_column width=&#8221;1\/4&#8243;][\/vc_column][\/vc_row][vc_row row_type=&#8221;row&#8221; text_align=&#8221;left&#8221; css_animation=&#8221;&#8221;][vc_column][vc_separator type=&#8221;normal&#8221; down=&#8221;24&#8243; up=&#8221;24&#8243; thickness=&#8221;1&#8243;][\/vc_column][\/vc_row][vc_row row_type=&#8221;row&#8221; text_align=&#8221;left&#8221; css_animation=&#8221;&#8221;][vc_column width=&#8221;1\/4&#8243;][\/vc_column][vc_column width=&#8221;1\/2&#8243;][vc_separator type=&#8221;transparent&#8221; down=&#8221;6&#8243; up=&#8221;6&#8243;][vc_column_text]\n<h3 style=\"text-align: center;\">Dr. Batu\u011fhan KARAER<\/h3>\n[\/vc_column_text][vc_column_text]\n<p style=\"text-align: center;\">Y\u00f6netim Kurulu Ba\u015fkan\u0131, Finans Derne\u011fi,<br \/>\nT\u00dcRK\u0130YE<\/p>\n[\/vc_column_text][vc_separator type=&#8221;transparent&#8221; down=&#8221;6&#8243; up=&#8221;6&#8243;][\/vc_column][vc_column width=&#8221;1\/4&#8243;][\/vc_column][\/vc_row][vc_row row_type=&#8221;row&#8221; text_align=&#8221;left&#8221; css_animation=&#8221;&#8221;][vc_column][vc_separator type=&#8221;transparent&#8221; down=&#8221;40&#8243; up=&#8221;24&#8243;][\/vc_column][\/vc_row]\n<\/div>","protected":false},"excerpt":{"rendered":"<p>[vc_row row_type=&#8221;row&#8221; text_align=&#8221;left&#8221; css_animation=&#8221;&#8221;][vc_column][vc_separator type=&#8221;transparent&#8221; down=&#8221;40&#8243; up=&#8221;20&#8243;][\/vc_column][\/vc_row][vc_row row_type=&#8221;row&#8221; text_align=&#8221;left&#8221; css_animation=&#8221;&#8221;][vc_column][vc_text_separator title=&#8221;DANI\u015eMA KURULU&#8221; border=&#8221;no&#8221; icon=&#8221;&#8221;][\/vc_column][\/vc_row][vc_row row_type=&#8221;row&#8221; text_align=&#8221;left&#8221; css_animation=&#8221;&#8221;][vc_column][vc_separator type=&#8221;transparent&#8221; down=&#8221;40&#8243; up=&#8221;40&#8243;][\/vc_column][\/vc_row][vc_row row_type=&#8221;row&#8221; text_align=&#8221;left&#8221; css_animation=&#8221;&#8221;][vc_column width=&#8221;1\/4&#8243;][\/vc_column][vc_column width=&#8221;1\/2&#8243;][vc_separator type=&#8221;transparent&#8221; down=&#8221;6&#8243; up=&#8221;6&#8243;][vc_column_text] Hakan YURDAKUL [\/vc_column_text][vc_column_text] T\u00fcrkiye Cumhuriyeti Cumhurba\u015fkanl\u0131\u011f\u0131, Ekonomi Politikalar\u0131 Kurulu \u00dcyesi, T\u00dcRK\u0130YE [\/vc_column_text][vc_separator type=&#8221;transparent&#8221; down=&#8221;6&#8243; up=&#8221;6&#8243;][\/vc_column][vc_column width=&#8221;1\/4&#8243;][\/vc_column][\/vc_row][vc_row row_type=&#8221;row&#8221;&#8230;<\/p>\n","protected":false},"author":1,"featured_media":0,"parent":0,"menu_order":0,"comment_status":"closed","ping_status":"closed","template":"","meta":{"footnotes":""},"class_list":["post-3625","page","type-page","status-publish","hentry"],"_links":{"self":[{"href":"https:\/\/istsummit.com\/tr\/wp-json\/wp\/v2\/pages\/3625"}],"collection":[{"href":"https:\/\/istsummit.com\/tr\/wp-json\/wp\/v2\/pages"}],"about":[{"href":"https:\/\/istsummit.com\/tr\/wp-json\/wp\/v2\/types\/page"}],"author":[{"embeddable":true,"href":"https:\/\/istsummit.com\/tr\/wp-json\/wp\/v2\/users\/1"}],"replies":[{"embeddable":true,"href":"https:\/\/istsummit.com\/tr\/wp-json\/wp\/v2\/comments?post=3625"}],"version-history":[{"count":11,"href":"https:\/\/istsummit.com\/tr\/wp-json\/wp\/v2\/pages\/3625\/revisions"}],"predecessor-version":[{"id":5324,"href":"https:\/\/istsummit.com\/tr\/wp-json\/wp\/v2\/pages\/3625\/revisions\/5324"}],"wp:attachment":[{"href":"https:\/\/istsummit.com\/tr\/wp-json\/wp\/v2\/media?parent=3625"}],"curies":[{"name":"wp","href":"https:\/\/api.w.org\/{rel}","templated":true}]}}