{"id":3613,"date":"2019-09-02T14:20:51","date_gmt":"2019-09-02T11:20:51","guid":{"rendered":"https:\/\/istsummit.com\/?page_id=3613"},"modified":"2023-07-23T00:45:48","modified_gmt":"2023-07-22T21:45:48","slug":"yurutme-kurulu","status":"publish","type":"page","link":"https:\/\/istsummit.com\/tr\/yurutme-kurulu\/","title":{"rendered":"Y\u00dcR\u00dcTME KURULU"},"content":{"rendered":"<div class=\"wpb-content-wrapper\">[vc_row row_type=&#8221;row&#8221; text_align=&#8221;left&#8221; css_animation=&#8221;&#8221;][vc_column][vc_text_separator title=&#8221;Y\u00dcR\u00dcTME KURULU&#8221; border=&#8221;no&#8221; icon=&#8221;&#8221;][vc_separator type=&#8221;transparent&#8221;][\/vc_column][\/vc_row][vc_row row_type=&#8221;row&#8221; text_align=&#8221;left&#8221; css_animation=&#8221;&#8221;][vc_column width=&#8221;1\/4&#8243;][\/vc_column][vc_column width=&#8221;1\/2&#8243;][vc_separator type=&#8221;transparent&#8221; down=&#8221;6&#8243; up=&#8221;6&#8243; color=&#8221;#770000&#8243;][vc_column_text]\n<h3 style=\"text-align: center;\"><a href=\"https:\/\/istsummit.com\/wp-content\/uploads\/2019\/09\/omerfaruk_unal.jpg\"><img loading=\"lazy\" decoding=\"async\" class=\"aligncenter wp-image-4893\" src=\"https:\/\/istsummit.com\/wp-content\/uploads\/2019\/09\/omerfaruk_unal.jpg\" alt=\"\" width=\"250\" height=\"341\" srcset=\"https:\/\/istsummit.com\/wp-content\/uploads\/2019\/09\/omerfaruk_unal.jpg 500w, https:\/\/istsummit.com\/wp-content\/uploads\/2019\/09\/omerfaruk_unal-220x300.jpg 220w\" sizes=\"(max-width: 250px) 100vw, 250px\" \/><\/a><\/h3>\n<h3 style=\"text-align: center;\">\u00d6mer Faruk \u00dcNAL<\/h3>\n[\/vc_column_text][vc_column_text]\n<p style=\"text-align: center;\">Ba\u015fkan<\/p>\n[\/vc_column_text][vc_separator type=&#8221;transparent&#8221; down=&#8221;6&#8243; up=&#8221;6&#8243; color=&#8221;#770000&#8243;][\/vc_column][vc_column width=&#8221;1\/4&#8243;][\/vc_column][\/vc_row][vc_row row_type=&#8221;row&#8221; text_align=&#8221;left&#8221; css_animation=&#8221;&#8221;][vc_column width=&#8221;1\/4&#8243;][\/vc_column][vc_column width=&#8221;1\/2&#8243;][vc_column_text]\n<h3 style=\"text-align: center;\"><a href=\"https:\/\/istsummit.com\/wp-content\/uploads\/2019\/09\/furkan_unal.jpg\"><img loading=\"lazy\" decoding=\"async\" class=\"aligncenter wp-image-4846\" src=\"https:\/\/istsummit.com\/wp-content\/uploads\/2019\/09\/furkan_unal.jpg\" alt=\"\" width=\"250\" height=\"321\" srcset=\"https:\/\/istsummit.com\/wp-content\/uploads\/2019\/09\/furkan_unal.jpg 413w, https:\/\/istsummit.com\/wp-content\/uploads\/2019\/09\/furkan_unal-233x300.jpg 233w\" sizes=\"(max-width: 250px) 100vw, 250px\" \/><\/a><\/h3>\n<h3 style=\"text-align: center;\">Furkan \u00dcNAL<\/h3>\n[\/vc_column_text][vc_column_text]\n<p style=\"text-align: center;\">Ba\u015fkan Vekili<\/p>\n[\/vc_column_text][vc_separator type=&#8221;transparent&#8221; down=&#8221;6&#8243; up=&#8221;6&#8243; color=&#8221;#770000&#8243;][\/vc_column][vc_column width=&#8221;1\/4&#8243;][\/vc_column][\/vc_row][vc_row row_type=&#8221;row&#8221; text_align=&#8221;left&#8221; css_animation=&#8221;&#8221;][vc_column width=&#8221;1\/4&#8243;][\/vc_column][vc_column width=&#8221;1\/2&#8243;][vc_column_text]\n<h3 style=\"text-align: center;\"><a href=\"https:\/\/istsummit.com\/wp-content\/uploads\/2019\/09\/dilek_tozlu.jpg\"><img loading=\"lazy\" decoding=\"async\" class=\"aligncenter wp-image-4896\" src=\"https:\/\/istsummit.com\/wp-content\/uploads\/2019\/09\/dilek_tozlu.jpg\" alt=\"\" width=\"250\" height=\"321\" srcset=\"https:\/\/istsummit.com\/wp-content\/uploads\/2019\/09\/dilek_tozlu.jpg 413w, https:\/\/istsummit.com\/wp-content\/uploads\/2019\/09\/dilek_tozlu-233x300.jpg 233w\" sizes=\"(max-width: 250px) 100vw, 250px\" \/><\/a><\/h3>\n<h3 style=\"text-align: center;\">Dilek KO\u00c7AK TOZLU<\/h3>\n[\/vc_column_text][vc_column_text]\n<p style=\"text-align: center;\">Ba\u015fkan Yard\u0131mc\u0131s\u0131<\/p>\n[\/vc_column_text][vc_separator type=&#8221;transparent&#8221; down=&#8221;6&#8243; up=&#8221;6&#8243; color=&#8221;#770000&#8243;][\/vc_column][vc_column width=&#8221;1\/4&#8243;][\/vc_column][\/vc_row][vc_row row_type=&#8221;row&#8221; text_align=&#8221;left&#8221; css_animation=&#8221;&#8221;][vc_column width=&#8221;1\/4&#8243;][\/vc_column][vc_column width=&#8221;1\/2&#8243;][vc_column_text]\n<h3 style=\"text-align: center;\"><a href=\"https:\/\/istsummit.com\/wp-content\/uploads\/2019\/09\/hasan_turgut.jpg\"><img loading=\"lazy\" decoding=\"async\" class=\"aligncenter wp-image-4898\" src=\"https:\/\/istsummit.com\/wp-content\/uploads\/2019\/09\/hasan_turgut.jpg\" alt=\"\" width=\"250\" height=\"321\" srcset=\"https:\/\/istsummit.com\/wp-content\/uploads\/2019\/09\/hasan_turgut.jpg 413w, https:\/\/istsummit.com\/wp-content\/uploads\/2019\/09\/hasan_turgut-233x300.jpg 233w\" sizes=\"(max-width: 250px) 100vw, 250px\" \/><\/a><\/h3>\n<h3 style=\"text-align: center;\">Hasan TURGUT<\/h3>\n[\/vc_column_text][vc_column_text]\n<p style=\"text-align: center;\">Genel Sekreter<\/p>\n[\/vc_column_text][vc_separator type=&#8221;transparent&#8221; down=&#8221;6&#8243; up=&#8221;6&#8243; color=&#8221;#770000&#8243;][\/vc_column][vc_column width=&#8221;1\/4&#8243;][\/vc_column][\/vc_row][vc_row row_type=&#8221;row&#8221; text_align=&#8221;left&#8221; css_animation=&#8221;&#8221;][vc_column width=&#8221;1\/4&#8243;][\/vc_column][vc_column width=&#8221;1\/2&#8243;][vc_column_text]\n<h3 style=\"text-align: center;\"><a href=\"https:\/\/istsummit.com\/wp-content\/uploads\/2019\/09\/fatih_yilmaz.jpg\"><img loading=\"lazy\" decoding=\"async\" class=\"aligncenter wp-image-4904\" src=\"https:\/\/istsummit.com\/wp-content\/uploads\/2019\/09\/fatih_yilmaz.jpg\" alt=\"\" width=\"250\" height=\"321\" srcset=\"https:\/\/istsummit.com\/wp-content\/uploads\/2019\/09\/fatih_yilmaz.jpg 413w, https:\/\/istsummit.com\/wp-content\/uploads\/2019\/09\/fatih_yilmaz-233x300.jpg 233w\" sizes=\"(max-width: 250px) 100vw, 250px\" \/><\/a><\/h3>\n<h3 style=\"text-align: center;\">Fatih YILMAZ<\/h3>\n[\/vc_column_text][vc_column_text]\n<p style=\"text-align: center;\">Teknik Koordinat\u00f6r<\/p>\n[\/vc_column_text][vc_separator type=&#8221;transparent&#8221; down=&#8221;6&#8243; up=&#8221;6&#8243; color=&#8221;#770000&#8243;][vc_column_text]\n<h3 style=\"text-align: center;\"><a href=\"https:\/\/istsummit.com\/wp-content\/uploads\/2019\/10\/tulin_pir.jpg\"><img loading=\"lazy\" decoding=\"async\" class=\"aligncenter wp-image-5084\" src=\"https:\/\/istsummit.com\/wp-content\/uploads\/2019\/10\/tulin_pir.jpg\" alt=\"\" width=\"250\" height=\"321\" srcset=\"https:\/\/istsummit.com\/wp-content\/uploads\/2019\/10\/tulin_pir.jpg 413w, https:\/\/istsummit.com\/wp-content\/uploads\/2019\/10\/tulin_pir-233x300.jpg 233w\" sizes=\"(max-width: 250px) 100vw, 250px\" \/><\/a><\/h3>\n<h3 style=\"text-align: center;\">T\u00fclin D\u0130N\u00c7ELL\u0130 P\u0130R<\/h3>\n[\/vc_column_text][vc_column_text]\n<p style=\"text-align: center;\">Stratejik \u0130leti\u015fim Dan\u0131\u015fman\u0131<\/p>\n[\/vc_column_text][vc_separator type=&#8221;transparent&#8221; down=&#8221;6&#8243; up=&#8221;6&#8243; color=&#8221;#770000&#8243;][\/vc_column][vc_column width=&#8221;1\/4&#8243;][\/vc_column][\/vc_row][vc_row row_type=&#8221;row&#8221; text_align=&#8221;left&#8221; css_animation=&#8221;&#8221;][vc_column width=&#8221;1\/4&#8243;][\/vc_column][vc_column width=&#8221;1\/2&#8243;][vc_column_text]\n<h3 style=\"text-align: center;\"><a href=\"https:\/\/istsummit.com\/wp-content\/uploads\/2019\/09\/tanyel_yilmaz.jpg\"><img loading=\"lazy\" decoding=\"async\" class=\"aligncenter wp-image-4906\" src=\"https:\/\/istsummit.com\/wp-content\/uploads\/2019\/09\/tanyel_yilmaz.jpg\" alt=\"\" width=\"250\" height=\"321\" srcset=\"https:\/\/istsummit.com\/wp-content\/uploads\/2019\/09\/tanyel_yilmaz.jpg 413w, https:\/\/istsummit.com\/wp-content\/uploads\/2019\/09\/tanyel_yilmaz-233x300.jpg 233w\" sizes=\"(max-width: 250px) 100vw, 250px\" \/><\/a><\/h3>\n<h3 style=\"text-align: center;\">Tanyel YILMAZ<\/h3>\n[\/vc_column_text][vc_column_text]\n<p style=\"text-align: center;\">Stratejik \u0130leti\u015fim Dan\u0131\u015fman\u0131<\/p>\n[\/vc_column_text][vc_separator type=&#8221;transparent&#8221; down=&#8221;6&#8243; up=&#8221;6&#8243; color=&#8221;#770000&#8243;][\/vc_column][vc_column width=&#8221;1\/4&#8243;][\/vc_column][\/vc_row][vc_row row_type=&#8221;row&#8221; text_align=&#8221;left&#8221; css_animation=&#8221;&#8221;][vc_column width=&#8221;1\/4&#8243;][\/vc_column][vc_column width=&#8221;1\/2&#8243;][vc_column_text]\n<h3 style=\"text-align: center;\"><a href=\"https:\/\/istsummit.com\/wp-content\/uploads\/2019\/09\/burak_kaan.jpg\"><img loading=\"lazy\" decoding=\"async\" class=\"aligncenter wp-image-4908\" src=\"https:\/\/istsummit.com\/wp-content\/uploads\/2019\/09\/burak_kaan.jpg\" alt=\"\" width=\"250\" height=\"341\" srcset=\"https:\/\/istsummit.com\/wp-content\/uploads\/2019\/09\/burak_kaan.jpg 500w, https:\/\/istsummit.com\/wp-content\/uploads\/2019\/09\/burak_kaan-220x300.jpg 220w\" sizes=\"(max-width: 250px) 100vw, 250px\" \/><\/a><\/h3>\n<h3 style=\"text-align: center;\">Burak Kaan KO\u00c7AK<\/h3>\n[\/vc_column_text][vc_column_text]\n<p style=\"text-align: center;\">Hukuk Dan\u0131\u015fman\u0131<\/p>\n[\/vc_column_text][vc_separator type=&#8221;transparent&#8221; down=&#8221;6&#8243; up=&#8221;6&#8243; color=&#8221;#770000&#8243;][vc_column_text]\n<h3 style=\"text-align: center;\"><a href=\"https:\/\/istsummit.com\/wp-content\/uploads\/2019\/10\/ceyda_kuzu.jpg\"><img loading=\"lazy\" decoding=\"async\" class=\"aligncenter wp-image-5088\" src=\"https:\/\/istsummit.com\/wp-content\/uploads\/2019\/10\/ceyda_kuzu.jpg\" alt=\"\" width=\"250\" height=\"341\" srcset=\"https:\/\/istsummit.com\/wp-content\/uploads\/2019\/10\/ceyda_kuzu.jpg 500w, https:\/\/istsummit.com\/wp-content\/uploads\/2019\/10\/ceyda_kuzu-220x300.jpg 220w\" sizes=\"(max-width: 250px) 100vw, 250px\" \/><\/a><\/h3>\n<h3 style=\"text-align: center;\">Ceyda ALPARSLAN KUZU<\/h3>\n[\/vc_column_text][vc_column_text]\n<p style=\"text-align: center;\">Medya Dan\u0131\u015fman\u0131<\/p>\n[\/vc_column_text][vc_separator type=&#8221;transparent&#8221; down=&#8221;6&#8243; up=&#8221;6&#8243; color=&#8221;#770000&#8243;][\/vc_column][vc_column width=&#8221;1\/4&#8243;][\/vc_column][\/vc_row][vc_row row_type=&#8221;row&#8221; text_align=&#8221;left&#8221; css_animation=&#8221;&#8221;][vc_column width=&#8221;1\/4&#8243;][\/vc_column][vc_column width=&#8221;1\/2&#8243;][vc_column_text]\n<h3 style=\"text-align: center;\"><a href=\"https:\/\/istsummit.com\/wp-content\/uploads\/2019\/10\/ugur_aras.jpg\"><img loading=\"lazy\" decoding=\"async\" class=\"aligncenter wp-image-5086\" src=\"https:\/\/istsummit.com\/wp-content\/uploads\/2019\/10\/ugur_aras.jpg\" alt=\"\" width=\"250\" height=\"321\" srcset=\"https:\/\/istsummit.com\/wp-content\/uploads\/2019\/10\/ugur_aras.jpg 413w, https:\/\/istsummit.com\/wp-content\/uploads\/2019\/10\/ugur_aras-233x300.jpg 233w\" sizes=\"(max-width: 250px) 100vw, 250px\" \/><\/a><\/h3>\n<h3 style=\"text-align: center;\">U\u011fur ARAS<\/h3>\n[\/vc_column_text][vc_column_text]\n<p style=\"text-align: center;\">Kurul \u00dcyesi<\/p>\n[\/vc_column_text][vc_separator type=&#8221;transparent&#8221; down=&#8221;6&#8243; up=&#8221;6&#8243; color=&#8221;#770000&#8243;][\/vc_column][vc_column width=&#8221;1\/4&#8243;][\/vc_column][\/vc_row][vc_row row_type=&#8221;row&#8221; text_align=&#8221;left&#8221; css_animation=&#8221;&#8221;][vc_column width=&#8221;1\/4&#8243;][\/vc_column][vc_column width=&#8221;1\/2&#8243;][vc_column_text]\n<h3 style=\"text-align: center;\"><a href=\"https:\/\/istsummit.com\/wp-content\/uploads\/2019\/09\/fazil_hizal.jpg\"><img loading=\"lazy\" decoding=\"async\" class=\"aligncenter wp-image-4912\" src=\"https:\/\/istsummit.com\/wp-content\/uploads\/2019\/09\/fazil_hizal.jpg\" alt=\"\" width=\"250\" height=\"341\" srcset=\"https:\/\/istsummit.com\/wp-content\/uploads\/2019\/09\/fazil_hizal.jpg 500w, https:\/\/istsummit.com\/wp-content\/uploads\/2019\/09\/fazil_hizal-220x300.jpg 220w\" sizes=\"(max-width: 250px) 100vw, 250px\" \/><\/a><\/h3>\n<h3 style=\"text-align: center;\">Faz\u0131l HIZAL<\/h3>\n[\/vc_column_text][vc_column_text]\n<p style=\"text-align: center;\">Kurul \u00dcyesi<\/p>\n[\/vc_column_text][vc_separator type=&#8221;transparent&#8221; down=&#8221;6&#8243; up=&#8221;6&#8243; color=&#8221;#770000&#8243;][\/vc_column][vc_column width=&#8221;1\/4&#8243;][\/vc_column][\/vc_row][vc_row row_type=&#8221;row&#8221; text_align=&#8221;left&#8221; css_animation=&#8221;&#8221;][vc_column width=&#8221;1\/4&#8243;][\/vc_column][vc_column width=&#8221;1\/2&#8243;][vc_column_text]\n<h3 style=\"text-align: center;\"><a href=\"https:\/\/istsummit.com\/wp-content\/uploads\/2019\/09\/ulkuuzuner.jpg\"><img loading=\"lazy\" decoding=\"async\" class=\"aligncenter wp-image-4916\" src=\"https:\/\/istsummit.com\/wp-content\/uploads\/2019\/09\/ulkuuzuner.jpg\" alt=\"\" width=\"250\" height=\"341\" srcset=\"https:\/\/istsummit.com\/wp-content\/uploads\/2019\/09\/ulkuuzuner.jpg 500w, https:\/\/istsummit.com\/wp-content\/uploads\/2019\/09\/ulkuuzuner-220x300.jpg 220w\" sizes=\"(max-width: 250px) 100vw, 250px\" \/><\/a><\/h3>\n<h3 style=\"text-align: center;\">\u00dclk\u00fc UZUNER<\/h3>\n[\/vc_column_text][vc_column_text]\n<p style=\"text-align: center;\">Kurul \u00dcyesi<\/p>\n[\/vc_column_text][vc_separator type=&#8221;transparent&#8221; down=&#8221;6&#8243; up=&#8221;6&#8243; color=&#8221;#770000&#8243;][\/vc_column][vc_column width=&#8221;1\/4&#8243;][\/vc_column][\/vc_row]\n<\/div>","protected":false},"excerpt":{"rendered":"<p>[vc_row row_type=&#8221;row&#8221; text_align=&#8221;left&#8221; css_animation=&#8221;&#8221;][vc_column][vc_text_separator title=&#8221;Y\u00dcR\u00dcTME KURULU&#8221; border=&#8221;no&#8221; icon=&#8221;&#8221;][vc_separator type=&#8221;transparent&#8221;][\/vc_column][\/vc_row][vc_row row_type=&#8221;row&#8221; text_align=&#8221;left&#8221; css_animation=&#8221;&#8221;][vc_column width=&#8221;1\/4&#8243;][\/vc_column][vc_column width=&#8221;1\/2&#8243;][vc_separator type=&#8221;transparent&#8221; down=&#8221;6&#8243; up=&#8221;6&#8243; color=&#8221;#770000&#8243;][vc_column_text] \u00d6mer Faruk \u00dcNAL [\/vc_column_text][vc_column_text] Ba\u015fkan [\/vc_column_text][vc_separator type=&#8221;transparent&#8221; down=&#8221;6&#8243; up=&#8221;6&#8243; color=&#8221;#770000&#8243;][\/vc_column][vc_column width=&#8221;1\/4&#8243;][\/vc_column][\/vc_row][vc_row row_type=&#8221;row&#8221; text_align=&#8221;left&#8221; css_animation=&#8221;&#8221;][vc_column width=&#8221;1\/4&#8243;][\/vc_column][vc_column width=&#8221;1\/2&#8243;][vc_column_text] Furkan \u00dcNAL [\/vc_column_text][vc_column_text] Ba\u015fkan Vekili [\/vc_column_text][vc_separator type=&#8221;transparent&#8221; down=&#8221;6&#8243; up=&#8221;6&#8243; color=&#8221;#770000&#8243;][\/vc_column][vc_column width=&#8221;1\/4&#8243;][\/vc_column][\/vc_row][vc_row&#8230;<\/p>\n","protected":false},"author":1,"featured_media":0,"parent":0,"menu_order":0,"comment_status":"closed","ping_status":"closed","template":"","meta":{"footnotes":""},"class_list":["post-3613","page","type-page","status-publish","hentry"],"_links":{"self":[{"href":"https:\/\/istsummit.com\/tr\/wp-json\/wp\/v2\/pages\/3613"}],"collection":[{"href":"https:\/\/istsummit.com\/tr\/wp-json\/wp\/v2\/pages"}],"about":[{"href":"https:\/\/istsummit.com\/tr\/wp-json\/wp\/v2\/types\/page"}],"author":[{"embeddable":true,"href":"https:\/\/istsummit.com\/tr\/wp-json\/wp\/v2\/users\/1"}],"replies":[{"embeddable":true,"href":"https:\/\/istsummit.com\/tr\/wp-json\/wp\/v2\/comments?post=3613"}],"version-history":[{"count":14,"href":"https:\/\/istsummit.com\/tr\/wp-json\/wp\/v2\/pages\/3613\/revisions"}],"predecessor-version":[{"id":5325,"href":"https:\/\/istsummit.com\/tr\/wp-json\/wp\/v2\/pages\/3613\/revisions\/5325"}],"wp:attachment":[{"href":"https:\/\/istsummit.com\/tr\/wp-json\/wp\/v2\/media?parent=3613"}],"curies":[{"name":"wp","href":"https:\/\/api.w.org\/{rel}","templated":true}]}}