{"id":26,"date":"2013-12-07T03:49:26","date_gmt":"2013-12-07T01:49:26","guid":{"rendered":"https:\/\/istsummit.com\/?page_id=26"},"modified":"2021-10-24T00:09:58","modified_gmt":"2021-10-23T21:09:58","slug":"iletisim","status":"publish","type":"page","link":"https:\/\/istsummit.com\/tr\/iletisim\/","title":{"rendered":"\u0130LET\u0130\u015e\u0130M"},"content":{"rendered":"<div class=\"wpb-content-wrapper\">[vc_row row_type=&#8221;row&#8221; text_align=&#8221;left&#8221; css_animation=&#8221;&#8221;][vc_column][vc_separator type=&#8221;transparent&#8221;][vc_column_text]\n<h3><a href=\"https:\/\/istsummit.com\/wp-content\/uploads\/2013\/12\/IFS-logo-PNG.png\"><img loading=\"lazy\" decoding=\"async\" src=\"https:\/\/istsummit.com\/wp-content\/uploads\/2013\/12\/IFS-logo-PNG.png\" alt=\"IFS logo PNG\" width=\"139\" height=\"112\" \/><\/a><\/h3>\n<h3>\u0130STANBUL F\u0130NANS Z\u0130RVES\u0130<\/h3>\n[\/vc_column_text][vc_column_text]\n<h3>IFS \u0130RT\u0130BAT B\u00dcROSU<\/h3>\n[\/vc_column_text][vc_separator type=&#8221;transparent&#8221; down=&#8221;5&#8243; up=&#8221;5&#8243;][vc_column_text]<strong>Adres:<\/strong> \u00d6vecler 4. Cad. 1325. Sok. 2\/9 ANKARA[\/vc_column_text][vc_separator type=&#8221;transparent&#8221; down=&#8221;10&#8243; up=&#8221;10&#8243;][vc_column_text]\n<p><strong>Tel:<\/strong> +90 312 473 76 77<br \/>\n[\/vc_column_text][vc_separator type=&#8221;transparent&#8221; down=&#8221;10&#8243; up=&#8221;10&#8243;][vc_column_text]\n<p><strong>Faks:<\/strong> +90 312 473 68 69[\/vc_column_text][vc_separator type=&#8221;transparent&#8221; down=&#8221;10&#8243; up=&#8221;10&#8243;]<span class='social_icon_holder'><a href='https:\/\/www.facebook.com\/istanbulfinancesummit' target='_self'><span class='icon-stack icon-large'><i class='icon-circle icon-stack-base'><\/i><i class='icon-facebook' style='color: #8f8f8f;'><\/i><\/span><\/a><\/span><span class='social_icon_holder'><a href='https:\/\/instagram.com\/ifinancesummit' target='_self'><span class='icon-stack icon-large'><i class='icon-circle icon-stack-base'><\/i><i class='icon-instagram' style='color: #8f8f8f;'><\/i><\/span><\/a><\/span><span class='social_icon_holder'><a href='https:\/\/twitter.com\/ifsummit' target='_self'><span class='icon-stack icon-large'><i class='icon-circle icon-stack-base'><\/i><i class='icon-twitter' style='color: #8f8f8f;'><\/i><\/span><\/a><\/span>[\/vc_column][\/vc_row]\n<\/div>","protected":false},"excerpt":{"rendered":"<p>[vc_row row_type=&#8221;row&#8221; text_align=&#8221;left&#8221; css_animation=&#8221;&#8221;][vc_column][vc_separator type=&#8221;transparent&#8221;][vc_column_text] \u0130STANBUL F\u0130NANS Z\u0130RVES\u0130 [\/vc_column_text][vc_column_text] IFS \u0130RT\u0130BAT B\u00dcROSU [\/vc_column_text][vc_separator type=&#8221;transparent&#8221; down=&#8221;5&#8243; up=&#8221;5&#8243;][vc_column_text]Adres: \u00d6vecler 4. Cad. 1325. Sok. 2\/9 ANKARA[\/vc_column_text][vc_separator type=&#8221;transparent&#8221; down=&#8221;10&#8243; up=&#8221;10&#8243;][vc_column_text] Tel: +90 312 473 76 77 [\/vc_column_text][vc_separator type=&#8221;transparent&#8221; down=&#8221;10&#8243; up=&#8221;10&#8243;][vc_column_text] Faks: +90 312 473 68 69[\/vc_column_text][vc_separator type=&#8221;transparent&#8221; down=&#8221;10&#8243; up=&#8221;10&#8243;][\/vc_column][\/vc_row]<\/p>\n","protected":false},"author":1,"featured_media":0,"parent":0,"menu_order":0,"comment_status":"open","ping_status":"open","template":"contact-page.php","meta":{"footnotes":""},"class_list":["post-26","page","type-page","status-publish","hentry"],"_links":{"self":[{"href":"https:\/\/istsummit.com\/tr\/wp-json\/wp\/v2\/pages\/26"}],"collection":[{"href":"https:\/\/istsummit.com\/tr\/wp-json\/wp\/v2\/pages"}],"about":[{"href":"https:\/\/istsummit.com\/tr\/wp-json\/wp\/v2\/types\/page"}],"author":[{"embeddable":true,"href":"https:\/\/istsummit.com\/tr\/wp-json\/wp\/v2\/users\/1"}],"replies":[{"embeddable":true,"href":"https:\/\/istsummit.com\/tr\/wp-json\/wp\/v2\/comments?post=26"}],"version-history":[{"count":26,"href":"https:\/\/istsummit.com\/tr\/wp-json\/wp\/v2\/pages\/26\/revisions"}],"predecessor-version":[{"id":5314,"href":"https:\/\/istsummit.com\/tr\/wp-json\/wp\/v2\/pages\/26\/revisions\/5314"}],"wp:attachment":[{"href":"https:\/\/istsummit.com\/tr\/wp-json\/wp\/v2\/media?parent=26"}],"curies":[{"name":"wp","href":"https:\/\/api.w.org\/{rel}","templated":true}]}}