{"id":24,"date":"2013-12-07T03:49:04","date_gmt":"2013-12-07T01:49:04","guid":{"rendered":"https:\/\/istsummit.com\/?page_id=24"},"modified":"2019-09-23T00:02:38","modified_gmt":"2019-09-22T21:02:38","slug":"galeri","status":"publish","type":"page","link":"https:\/\/istsummit.com\/tr\/galeri\/","title":{"rendered":"GALER\u0130"},"content":{"rendered":"<div class=\"wpb-content-wrapper\">[vc_row row_type=&#8221;row&#8221; text_align=&#8221;left&#8221; css_animation=&#8221;&#8221;][vc_column][vc_separator type=&#8221;transparent&#8221; down=&#8221;20&#8243; up=&#8221;40&#8243;][vc_text_separator title=&#8221;GALER\u0130&#8221; border=&#8221;no&#8221; icon=&#8221;&#8221;][vc_separator type=&#8221;transparent&#8221; down=&#8221;20&#8243; up=&#8221;20&#8243;]<div class='projects_holder_outer v4'><div class='projects_holder clearfix v4 hover_text'>\n<article class='mix '><div class='image_holder'><span class='image'><img loading=\"lazy\" decoding=\"async\" width=\"511\" height=\"341\" src=\"https:\/\/istsummit.com\/wp-content\/uploads\/2019\/10\/IFS-19-Elektronik-Ticaret-Oturumu-0.jpg\" class=\"attachment-full size-full wp-post-image\" alt=\"\" srcset=\"https:\/\/istsummit.com\/wp-content\/uploads\/2019\/10\/IFS-19-Elektronik-Ticaret-Oturumu-0.jpg 511w, https:\/\/istsummit.com\/wp-content\/uploads\/2019\/10\/IFS-19-Elektronik-Ticaret-Oturumu-0-300x200.jpg 300w\" sizes=\"(max-width: 511px) 100vw, 511px\" \/><\/span><span class='text_holder'><span class='text_outer'><span class='text_inner'><span class='feature_holder'><h4><a href=\"https:\/\/istsummit.com\/tr\/portfolio_page\/istanbul-finans-zirvesi-2019-video\/\">\u0130STANBUL F\u0130NANS Z\u0130RVES\u0130 2019 (V\u0130DEO)<\/a><\/h4><span class=\"project_category\"><\/span><a class='preview' href='https:\/\/istsummit.com\/tr\/portfolio_page\/istanbul-finans-zirvesi-2019-video\/'><i class='icon-link icon-2x'><\/i>G\u00f6r\u00fcnt\u00fcle<\/a><span class='portfolio_like'><a class=\"qode-like\" id=\"qode-like-5234\" title=\"Like this\"><i class=\"icon-heart icon-large\"><\/i><span class=\"qode-like-count\">0<\/span><\/a><\/span><\/span><\/span><\/span><\/span><\/div><\/article>\n<article class='mix '><div class='image_holder'><span class='image'><img loading=\"lazy\" decoding=\"async\" width=\"2272\" height=\"1516\" src=\"https:\/\/istsummit.com\/wp-content\/uploads\/2017\/10\/DSC_2109-Copy.jpg\" class=\"attachment-full size-full wp-post-image\" alt=\"\" srcset=\"https:\/\/istsummit.com\/wp-content\/uploads\/2017\/10\/DSC_2109-Copy.jpg 2272w, https:\/\/istsummit.com\/wp-content\/uploads\/2017\/10\/DSC_2109-Copy-300x200.jpg 300w, https:\/\/istsummit.com\/wp-content\/uploads\/2017\/10\/DSC_2109-Copy-1024x683.jpg 1024w\" sizes=\"(max-width: 2272px) 100vw, 2272px\" \/><\/span><span class='text_holder'><span class='text_outer'><span class='text_inner'><span class='feature_holder'><h4><a href=\"https:\/\/istsummit.com\/tr\/portfolio_page\/istanbul-finans-zirvesi-2017-video\/\">\u0130STANBUL F\u0130NANS Z\u0130RVES\u0130 2017 (VIDEO)<\/a><\/h4><span class=\"project_category\"><\/span><a class='preview' href='https:\/\/istsummit.com\/tr\/portfolio_page\/istanbul-finans-zirvesi-2017-video\/'><i class='icon-link icon-2x'><\/i>G\u00f6r\u00fcnt\u00fcle<\/a><span class='portfolio_like'><a class=\"qode-like\" id=\"qode-like-3238\" title=\"Like this\"><i class=\"icon-heart icon-large\"><\/i><span class=\"qode-like-count\">0<\/span><\/a><\/span><\/span><\/span><\/span><\/span><\/div><\/article>\n<article class='mix video-gallery-2018-tr '><div class='image_holder'><span class='image'><img loading=\"lazy\" decoding=\"async\" width=\"4512\" height=\"3008\" src=\"https:\/\/istsummit.com\/wp-content\/uploads\/2018\/11\/DSC_2209.jpg\" class=\"attachment-full size-full wp-post-image\" alt=\"\" srcset=\"https:\/\/istsummit.com\/wp-content\/uploads\/2018\/11\/DSC_2209.jpg 4512w, https:\/\/istsummit.com\/wp-content\/uploads\/2018\/11\/DSC_2209-300x200.jpg 300w, https:\/\/istsummit.com\/wp-content\/uploads\/2018\/11\/DSC_2209-1024x682.jpg 1024w\" sizes=\"(max-width: 4512px) 100vw, 4512px\" \/><\/span><span class='text_holder'><span class='text_outer'><span class='text_inner'><span class='feature_holder'><h4><a href=\"https:\/\/istsummit.com\/tr\/portfolio_page\/istanbul-finans-zirvesi-2018-video\/\">\u0130STANBUL F\u0130NANS Z\u0130RVES\u0130 2018 (V\u0130DEO)<\/a><\/h4><span class=\"project_category\">VIDEO GALLERY 2018<\/span><a class='preview' href='https:\/\/istsummit.com\/tr\/portfolio_page\/istanbul-finans-zirvesi-2018-video\/'><i class='icon-link icon-2x'><\/i>G\u00f6r\u00fcnt\u00fcle<\/a><span class='portfolio_like'><a class=\"qode-like\" id=\"qode-like-5237\" title=\"Like this\"><i class=\"icon-heart icon-large\"><\/i><span class=\"qode-like-count\">0<\/span><\/a><\/span><\/span><\/span><\/span><\/span><\/div><\/article>\n<article class='mix '><div class='image_holder'><span class='image'><img loading=\"lazy\" decoding=\"async\" width=\"2272\" height=\"1515\" src=\"https:\/\/istsummit.com\/wp-content\/uploads\/2017\/10\/DSC_1262-Copy2.jpg\" class=\"attachment-full size-full wp-post-image\" alt=\"\" srcset=\"https:\/\/istsummit.com\/wp-content\/uploads\/2017\/10\/DSC_1262-Copy2.jpg 2272w, https:\/\/istsummit.com\/wp-content\/uploads\/2017\/10\/DSC_1262-Copy2-300x200.jpg 300w, https:\/\/istsummit.com\/wp-content\/uploads\/2017\/10\/DSC_1262-Copy2-1024x682.jpg 1024w\" sizes=\"(max-width: 2272px) 100vw, 2272px\" \/><\/span><span class='text_holder'><span class='text_outer'><span class='text_inner'><span class='feature_holder'><h4><a href=\"https:\/\/istsummit.com\/tr\/portfolio_page\/istanbul-finans-zirvesi-2017\/\">\u0130STANBUL F\u0130NANS Z\u0130RVES\u0130 2017<\/a><\/h4><span class=\"project_category\"><\/span><a class='preview' href='https:\/\/istsummit.com\/tr\/portfolio_page\/istanbul-finans-zirvesi-2017\/'><i class='icon-link icon-2x'><\/i>G\u00f6r\u00fcnt\u00fcle<\/a><span class='portfolio_like'><a class=\"qode-like\" id=\"qode-like-3237\" title=\"Like this\"><i class=\"icon-heart icon-large\"><\/i><span class=\"qode-like-count\">0<\/span><\/a><\/span><\/span><\/span><\/span><\/span><\/div><\/article>\n<article class='mix '><div class='image_holder'><span class='image'><img loading=\"lazy\" decoding=\"async\" width=\"1619\" height=\"1080\" src=\"https:\/\/istsummit.com\/wp-content\/uploads\/2016\/09\/DSC_1827.jpg\" class=\"attachment-full size-full wp-post-image\" alt=\"\" srcset=\"https:\/\/istsummit.com\/wp-content\/uploads\/2016\/09\/DSC_1827.jpg 1619w, https:\/\/istsummit.com\/wp-content\/uploads\/2016\/09\/DSC_1827-300x200.jpg 300w, https:\/\/istsummit.com\/wp-content\/uploads\/2016\/09\/DSC_1827-1024x683.jpg 1024w\" sizes=\"(max-width: 1619px) 100vw, 1619px\" \/><\/span><span class='text_holder'><span class='text_outer'><span class='text_inner'><span class='feature_holder'><h4><a href=\"https:\/\/istsummit.com\/tr\/portfolio_page\/istanbul-finans-zirvesi-2016-video\/\">\u0130STANBUL F\u0130NANS Z\u0130RVES\u0130 2016 (VIDEO)<\/a><\/h4><span class=\"project_category\"><\/span><a class='preview' href='https:\/\/istsummit.com\/tr\/portfolio_page\/istanbul-finans-zirvesi-2016-video\/'><i class='icon-link icon-2x'><\/i>G\u00f6r\u00fcnt\u00fcle<\/a><span class='portfolio_like'><a class=\"qode-like\" id=\"qode-like-3236\" title=\"Like this\"><i class=\"icon-heart icon-large\"><\/i><span class=\"qode-like-count\">0<\/span><\/a><\/span><\/span><\/span><\/span><\/span><\/div><\/article>\n<article class='mix '><div class='image_holder'><span class='image'><img loading=\"lazy\" decoding=\"async\" width=\"1619\" height=\"1080\" src=\"https:\/\/istsummit.com\/wp-content\/uploads\/2016\/09\/DSC_1824.jpg\" class=\"attachment-full size-full wp-post-image\" alt=\"\" srcset=\"https:\/\/istsummit.com\/wp-content\/uploads\/2016\/09\/DSC_1824.jpg 1619w, https:\/\/istsummit.com\/wp-content\/uploads\/2016\/09\/DSC_1824-300x200.jpg 300w, https:\/\/istsummit.com\/wp-content\/uploads\/2016\/09\/DSC_1824-1024x683.jpg 1024w\" sizes=\"(max-width: 1619px) 100vw, 1619px\" \/><\/span><span class='text_holder'><span class='text_outer'><span class='text_inner'><span class='feature_holder'><h4><a href=\"https:\/\/istsummit.com\/tr\/portfolio_page\/istanbul-finans-zirvesi-2016\/\">\u0130STANBUL F\u0130NANS Z\u0130RVES\u0130 2016<\/a><\/h4><span class=\"project_category\"><\/span><a class='preview' href='https:\/\/istsummit.com\/tr\/portfolio_page\/istanbul-finans-zirvesi-2016\/'><i class='icon-link icon-2x'><\/i>G\u00f6r\u00fcnt\u00fcle<\/a><span class='portfolio_like'><a class=\"qode-like\" id=\"qode-like-2815\" title=\"Like this\"><i class=\"icon-heart icon-large\"><\/i><span class=\"qode-like-count\">0<\/span><\/a><\/span><\/span><\/span><\/span><\/span><\/div><\/article>\n<article class='mix '><div class='image_holder'><span class='image'><img loading=\"lazy\" decoding=\"async\" width=\"4288\" height=\"2848\" src=\"https:\/\/istsummit.com\/wp-content\/uploads\/2015\/09\/DSC_0284-Copy.jpg\" class=\"attachment-full size-full wp-post-image\" alt=\"\" srcset=\"https:\/\/istsummit.com\/wp-content\/uploads\/2015\/09\/DSC_0284-Copy.jpg 4288w, https:\/\/istsummit.com\/wp-content\/uploads\/2015\/09\/DSC_0284-Copy-300x199.jpg 300w, https:\/\/istsummit.com\/wp-content\/uploads\/2015\/09\/DSC_0284-Copy-1024x680.jpg 1024w\" sizes=\"(max-width: 4288px) 100vw, 4288px\" \/><\/span><span class='text_holder'><span class='text_outer'><span class='text_inner'><span class='feature_holder'><h4><a href=\"https:\/\/istsummit.com\/tr\/portfolio_page\/istanbul-finans-zirvesi-2015-video-2\/\">\u0130STANBUL F\u0130NANS Z\u0130RVES\u0130 2015 (VIDEO)<\/a><\/h4><span class=\"project_category\"><\/span><a class='preview' href='https:\/\/istsummit.com\/tr\/portfolio_page\/istanbul-finans-zirvesi-2015-video-2\/'><i class='icon-link icon-2x'><\/i>G\u00f6r\u00fcnt\u00fcle<\/a><span class='portfolio_like'><a class=\"qode-like\" id=\"qode-like-3234\" title=\"Like this\"><i class=\"icon-heart icon-large\"><\/i><span class=\"qode-like-count\">0<\/span><\/a><\/span><\/span><\/span><\/span><\/span><\/div><\/article>\n<article class='mix '><div class='image_holder'><span class='image'><img loading=\"lazy\" decoding=\"async\" width=\"900\" height=\"600\" src=\"https:\/\/istsummit.com\/wp-content\/uploads\/2014\/09\/6Y4A4665-Copy.jpg\" class=\"attachment-full size-full wp-post-image\" alt=\"\" srcset=\"https:\/\/istsummit.com\/wp-content\/uploads\/2014\/09\/6Y4A4665-Copy.jpg 900w, https:\/\/istsummit.com\/wp-content\/uploads\/2014\/09\/6Y4A4665-Copy-300x200.jpg 300w\" sizes=\"(max-width: 900px) 100vw, 900px\" \/><\/span><span class='text_holder'><span class='text_outer'><span class='text_inner'><span class='feature_holder'><h4><a href=\"https:\/\/istsummit.com\/tr\/portfolio_page\/istanbul-finans-zirvesi-2014-video-2\/\">\u0130STANBUL F\u0130NANS Z\u0130RVES\u0130 2014 (V\u0130DEO)<\/a><\/h4><span class=\"project_category\"><\/span><a class='preview' href='https:\/\/istsummit.com\/tr\/portfolio_page\/istanbul-finans-zirvesi-2014-video-2\/'><i class='icon-link icon-2x'><\/i>G\u00f6r\u00fcnt\u00fcle<\/a><span class='portfolio_like'><a class=\"qode-like\" id=\"qode-like-1831\" title=\"Like this\"><i class=\"icon-heart icon-large\"><\/i><span class=\"qode-like-count\">0<\/span><\/a><\/span><\/span><\/span><\/span><\/span><\/div><\/article>\n<article class='mix '><div class='image_holder'><span class='image'><img loading=\"lazy\" decoding=\"async\" width=\"900\" height=\"600\" src=\"https:\/\/istsummit.com\/wp-content\/uploads\/2014\/09\/C79A9698-Copy.jpg\" class=\"attachment-full size-full wp-post-image\" alt=\"\" srcset=\"https:\/\/istsummit.com\/wp-content\/uploads\/2014\/09\/C79A9698-Copy.jpg 900w, https:\/\/istsummit.com\/wp-content\/uploads\/2014\/09\/C79A9698-Copy-300x200.jpg 300w\" sizes=\"(max-width: 900px) 100vw, 900px\" \/><\/span><span class='text_holder'><span class='text_outer'><span class='text_inner'><span class='feature_holder'><h4><a href=\"https:\/\/istsummit.com\/tr\/portfolio_page\/istanbul-finans-zirvesi-2014\/\">\u0130STANBUL F\u0130NANS Z\u0130RVES\u0130 2014<\/a><\/h4><span class=\"project_category\"><\/span><a class='preview' href='https:\/\/istsummit.com\/tr\/portfolio_page\/istanbul-finans-zirvesi-2014\/'><i class='icon-link icon-2x'><\/i>G\u00f6r\u00fcnt\u00fcle<\/a><span class='portfolio_like'><a class=\"qode-like\" id=\"qode-like-1862\" title=\"Like this\"><i class=\"icon-heart icon-large\"><\/i><span class=\"qode-like-count\">0<\/span><\/a><\/span><\/span><\/span><\/span><\/span><\/div><\/article>\n<article class='mix '><div class='image_holder'><span class='image'><img loading=\"lazy\" decoding=\"async\" width=\"800\" height=\"533\" src=\"https:\/\/istsummit.com\/wp-content\/uploads\/2015\/09\/DSC_6741-Copy.jpg\" class=\"attachment-full size-full wp-post-image\" alt=\"\" srcset=\"https:\/\/istsummit.com\/wp-content\/uploads\/2015\/09\/DSC_6741-Copy.jpg 800w, https:\/\/istsummit.com\/wp-content\/uploads\/2015\/09\/DSC_6741-Copy-300x199.jpg 300w\" sizes=\"(max-width: 800px) 100vw, 800px\" \/><\/span><span class='text_holder'><span class='text_outer'><span class='text_inner'><span class='feature_holder'><h4><a href=\"https:\/\/istsummit.com\/tr\/portfolio_page\/istanbul-finans-zirvesi-2015\/\">\u0130STANBUL F\u0130NANS Z\u0130RVES\u0130 2015<\/a><\/h4><span class=\"project_category\"><\/span><a class='preview' href='https:\/\/istsummit.com\/tr\/portfolio_page\/istanbul-finans-zirvesi-2015\/'><i class='icon-link icon-2x'><\/i>G\u00f6r\u00fcnt\u00fcle<\/a><span class='portfolio_like'><a class=\"qode-like\" id=\"qode-like-2404\" title=\"Like this\"><i class=\"icon-heart icon-large\"><\/i><span class=\"qode-like-count\">0<\/span><\/a><\/span><\/span><\/span><\/span><\/span><\/div><\/article>\n<article class='mix '><div class='image_holder'><span class='image'><img loading=\"lazy\" decoding=\"async\" width=\"800\" height=\"532\" src=\"https:\/\/istsummit.com\/wp-content\/uploads\/2013\/12\/BRK_5014.jpg\" class=\"attachment-full size-full wp-post-image\" alt=\"\" srcset=\"https:\/\/istsummit.com\/wp-content\/uploads\/2013\/12\/BRK_5014.jpg 800w, https:\/\/istsummit.com\/wp-content\/uploads\/2013\/12\/BRK_5014-300x199.jpg 300w\" sizes=\"(max-width: 800px) 100vw, 800px\" \/><\/span><span class='text_holder'><span class='text_outer'><span class='text_inner'><span class='feature_holder'><h4><a href=\"https:\/\/istsummit.com\/tr\/portfolio_page\/istanbul-finans-zirvesi-2013\/\">\u0130STANBUL F\u0130NANS Z\u0130RVES\u0130 2013<\/a><\/h4><span class=\"project_category\"><\/span><a class='preview' href='https:\/\/istsummit.com\/tr\/portfolio_page\/istanbul-finans-zirvesi-2013\/'><i class='icon-link icon-2x'><\/i>G\u00f6r\u00fcnt\u00fcle<\/a><span class='portfolio_like'><a class=\"qode-like\" id=\"qode-like-430\" title=\"Like this\"><i class=\"icon-heart icon-large\"><\/i><span class=\"qode-like-count\">0<\/span><\/a><\/span><\/span><\/span><\/span><\/span><\/div><\/article>\n<article class='mix '><div class='image_holder'><span class='image'><img loading=\"lazy\" decoding=\"async\" width=\"640\" height=\"425\" src=\"https:\/\/istsummit.com\/wp-content\/uploads\/2013\/12\/2012-4.jpg\" class=\"attachment-full size-full wp-post-image\" alt=\"\" srcset=\"https:\/\/istsummit.com\/wp-content\/uploads\/2013\/12\/2012-4.jpg 640w, https:\/\/istsummit.com\/wp-content\/uploads\/2013\/12\/2012-4-300x199.jpg 300w\" sizes=\"(max-width: 640px) 100vw, 640px\" \/><\/span><span class='text_holder'><span class='text_outer'><span class='text_inner'><span class='feature_holder'><h4><a href=\"https:\/\/istsummit.com\/tr\/portfolio_page\/istanbul-finans-zirvesi-2012\/\">\u0130STANBUL F\u0130NANS Z\u0130RVES\u0130 2012<\/a><\/h4><span class=\"project_category\"><\/span><a class='preview' href='https:\/\/istsummit.com\/tr\/portfolio_page\/istanbul-finans-zirvesi-2012\/'><i class='icon-link icon-2x'><\/i>G\u00f6r\u00fcnt\u00fcle<\/a><span class='portfolio_like'><a class=\"qode-like\" id=\"qode-like-294\" title=\"Like this\"><i class=\"icon-heart icon-large\"><\/i><span class=\"qode-like-count\">0<\/span><\/a><\/span><\/span><\/span><\/span><\/span><\/div><\/article>\n<article class='mix '><div class='image_holder'><span class='image'><img loading=\"lazy\" decoding=\"async\" width=\"800\" height=\"533\" src=\"https:\/\/istsummit.com\/wp-content\/uploads\/2013\/12\/IMG_2560.jpg\" class=\"attachment-full size-full wp-post-image\" alt=\"\" srcset=\"https:\/\/istsummit.com\/wp-content\/uploads\/2013\/12\/IMG_2560.jpg 800w, https:\/\/istsummit.com\/wp-content\/uploads\/2013\/12\/IMG_2560-300x199.jpg 300w\" sizes=\"(max-width: 800px) 100vw, 800px\" \/><\/span><span class='text_holder'><span class='text_outer'><span class='text_inner'><span class='feature_holder'><h4><a href=\"https:\/\/istsummit.com\/tr\/portfolio_page\/istanbul-finans-zirvesi-2012-video\/\">\u0130STANBUL F\u0130NANS Z\u0130RVES\u0130 2012 (V\u0130DEO)<\/a><\/h4><span class=\"project_category\"><\/span><a class='preview' href='https:\/\/istsummit.com\/tr\/portfolio_page\/istanbul-finans-zirvesi-2012-video\/'><i class='icon-link icon-2x'><\/i>G\u00f6r\u00fcnt\u00fcle<\/a><span class='portfolio_like'><a class=\"qode-like\" id=\"qode-like-758\" title=\"Like this\"><i class=\"icon-heart icon-large\"><\/i><span class=\"qode-like-count\">3<\/span><\/a><\/span><\/span><\/span><\/span><\/span><\/div><\/article>\n<article class='mix '><div class='image_holder'><span class='image'><img loading=\"lazy\" decoding=\"async\" width=\"800\" height=\"533\" src=\"https:\/\/istsummit.com\/wp-content\/uploads\/2013\/12\/CX9G0149.jpg\" class=\"attachment-full size-full wp-post-image\" alt=\"\" srcset=\"https:\/\/istsummit.com\/wp-content\/uploads\/2013\/12\/CX9G0149.jpg 800w, https:\/\/istsummit.com\/wp-content\/uploads\/2013\/12\/CX9G0149-300x199.jpg 300w\" sizes=\"(max-width: 800px) 100vw, 800px\" \/><\/span><span class='text_holder'><span class='text_outer'><span class='text_inner'><span class='feature_holder'><h4><a href=\"https:\/\/istsummit.com\/tr\/portfolio_page\/istanbul-finance-summit-2013-video-2\/\">\u0130STANBUL F\u0130NANS Z\u0130RVES\u0130 2013 (VIDEO)<\/a><\/h4><span class=\"project_category\"><\/span><a class='preview' href='https:\/\/istsummit.com\/tr\/portfolio_page\/istanbul-finance-summit-2013-video-2\/'><i class='icon-link icon-2x'><\/i>G\u00f6r\u00fcnt\u00fcle<\/a><span class='portfolio_like'><a class=\"qode-like\" id=\"qode-like-920\" title=\"Like this\"><i class=\"icon-heart icon-large\"><\/i><span class=\"qode-like-count\">0<\/span><\/a><\/span><\/span><\/span><\/span><\/span><\/div><\/article>\n<article class='mix '><div class='image_holder'><span class='image'><img loading=\"lazy\" decoding=\"async\" width=\"640\" height=\"427\" src=\"https:\/\/istsummit.com\/wp-content\/uploads\/2013\/12\/2011_24.jpg\" class=\"attachment-full size-full wp-post-image\" alt=\"\" srcset=\"https:\/\/istsummit.com\/wp-content\/uploads\/2013\/12\/2011_24.jpg 640w, https:\/\/istsummit.com\/wp-content\/uploads\/2013\/12\/2011_24-300x200.jpg 300w\" sizes=\"(max-width: 640px) 100vw, 640px\" \/><\/span><span class='text_holder'><span class='text_outer'><span class='text_inner'><span class='feature_holder'><h4><a href=\"https:\/\/istsummit.com\/tr\/portfolio_page\/istanbul-finans-zirvesi-2011\/\">\u0130STANBUL F\u0130NANS Z\u0130RVES\u0130 2011<\/a><\/h4><span class=\"project_category\"><\/span><a class='preview' href='https:\/\/istsummit.com\/tr\/portfolio_page\/istanbul-finans-zirvesi-2011\/'><i class='icon-link icon-2x'><\/i>G\u00f6r\u00fcnt\u00fcle<\/a><span class='portfolio_like'><a class=\"qode-like\" id=\"qode-like-269\" title=\"Like this\"><i class=\"icon-heart icon-large\"><\/i><span class=\"qode-like-count\">0<\/span><\/a><\/span><\/span><\/span><\/span><\/span><\/div><\/article>\n<article class='mix '><div class='image_holder'><span class='image'><img loading=\"lazy\" decoding=\"async\" width=\"640\" height=\"425\" src=\"https:\/\/istsummit.com\/wp-content\/uploads\/2013\/12\/2010_15.jpg\" class=\"attachment-full size-full wp-post-image\" alt=\"\" srcset=\"https:\/\/istsummit.com\/wp-content\/uploads\/2013\/12\/2010_15.jpg 640w, https:\/\/istsummit.com\/wp-content\/uploads\/2013\/12\/2010_15-300x199.jpg 300w\" sizes=\"(max-width: 640px) 100vw, 640px\" \/><\/span><span class='text_holder'><span class='text_outer'><span class='text_inner'><span class='feature_holder'><h4><a href=\"https:\/\/istsummit.com\/tr\/portfolio_page\/istanbul-finans-zirvesi-2010\/\">\u0130STANBUL F\u0130NANS Z\u0130RVES\u0130 2010<\/a><\/h4><span class=\"project_category\"><\/span><a class='preview' href='https:\/\/istsummit.com\/tr\/portfolio_page\/istanbul-finans-zirvesi-2010\/'><i class='icon-link icon-2x'><\/i>G\u00f6r\u00fcnt\u00fcle<\/a><span class='portfolio_like'><a class=\"qode-like\" id=\"qode-like-267\" title=\"Like this\"><i class=\"icon-heart icon-large\"><\/i><span class=\"qode-like-count\">0<\/span><\/a><\/span><\/span><\/span><\/span><\/span><\/div><\/article>\n<div class='filler'><\/div>\n<div class='filler'><\/div>\n<div class='filler'><\/div>\n<div class='filler'><\/div>\n<\/div><\/div>[vc_separator type=&#8221;transparent&#8221; down=&#8221;40&#8243; up=&#8221;20&#8243;][\/vc_column][\/vc_row]\n<\/div>","protected":false},"excerpt":{"rendered":"<p>[vc_row row_type=&#8221;row&#8221; text_align=&#8221;left&#8221; css_animation=&#8221;&#8221;][vc_column][vc_separator type=&#8221;transparent&#8221; down=&#8221;20&#8243; up=&#8221;40&#8243;][vc_text_separator title=&#8221;GALER\u0130&#8221; border=&#8221;no&#8221; icon=&#8221;&#8221;][vc_separator type=&#8221;transparent&#8221; down=&#8221;20&#8243; up=&#8221;20&#8243;][vc_separator type=&#8221;transparent&#8221; down=&#8221;40&#8243; up=&#8221;20&#8243;][\/vc_column][\/vc_row]<\/p>\n","protected":false},"author":1,"featured_media":0,"parent":0,"menu_order":0,"comment_status":"open","ping_status":"open","template":"","meta":{"footnotes":""},"class_list":["post-24","page","type-page","status-publish","hentry"],"_links":{"self":[{"href":"https:\/\/istsummit.com\/tr\/wp-json\/wp\/v2\/pages\/24"}],"collection":[{"href":"https:\/\/istsummit.com\/tr\/wp-json\/wp\/v2\/pages"}],"about":[{"href":"https:\/\/istsummit.com\/tr\/wp-json\/wp\/v2\/types\/page"}],"author":[{"embeddable":true,"href":"https:\/\/istsummit.com\/tr\/wp-json\/wp\/v2\/users\/1"}],"replies":[{"embeddable":true,"href":"https:\/\/istsummit.com\/tr\/wp-json\/wp\/v2\/comments?post=24"}],"version-history":[{"count":13,"href":"https:\/\/istsummit.com\/tr\/wp-json\/wp\/v2\/pages\/24\/revisions"}],"predecessor-version":[{"id":4841,"href":"https:\/\/istsummit.com\/tr\/wp-json\/wp\/v2\/pages\/24\/revisions\/4841"}],"wp:attachment":[{"href":"https:\/\/istsummit.com\/tr\/wp-json\/wp\/v2\/media?parent=24"}],"curies":[{"name":"wp","href":"https:\/\/api.w.org\/{rel}","templated":true}]}}