{"id":14,"date":"2013-12-07T03:47:09","date_gmt":"2013-12-07T01:47:09","guid":{"rendered":"https:\/\/istsummit.com\/?page_id=14"},"modified":"2019-10-09T15:55:34","modified_gmt":"2019-10-09T12:55:34","slug":"program","status":"publish","type":"page","link":"https:\/\/istsummit.com\/tr\/program\/","title":{"rendered":"PROGRAM"},"content":{"rendered":"<div class=\"wpb-content-wrapper\">[vc_row row_type=&#8221;row&#8221; text_align=&#8221;left&#8221; css_animation=&#8221;&#8221;][vc_column][vc_column_text]\n<h1 style=\"text-align: center;\"><strong>IFS&#8217;19 Ana Tema:<\/strong><\/h1>\n<h1 style=\"text-align: center;\">Finansal Metamorfoz ve Gelece\u011fe D\u00f6n\u00fc\u015f<\/h1>\n[\/vc_column_text][\/vc_column][\/vc_row][vc_row row_type=&#8221;row&#8221; text_align=&#8221;left&#8221; css_animation=&#8221;&#8221;][vc_column][vc_separator type=&#8221;transparent&#8221; down=&#8221;20&#8243; up=&#8221;20&#8243;][\/vc_column][\/vc_row][vc_row row_type=&#8221;row&#8221; text_align=&#8221;left&#8221; css_animation=&#8221;&#8221;][vc_column][vc_column_text]\n<p><img loading=\"lazy\" decoding=\"async\" class=\"size-full wp-image-9 aligncenter\" src=\"https:\/\/istsummit.com\/wp-content\/uploads\/2013\/12\/IFS-logo-PNG.png\" alt=\"IFS logo PNG\" width=\"200\" height=\"160\" \/><\/p>\n[\/vc_column_text][\/vc_column][\/vc_row][vc_row row_type=&#8221;row&#8221; text_align=&#8221;left&#8221; css_animation=&#8221;&#8221;][vc_column][vc_separator type=&#8221;transparent&#8221; down=&#8221;20&#8243; up=&#8221;20&#8243;][\/vc_column][\/vc_row][vc_row row_type=&#8221;row&#8221; text_align=&#8221;left&#8221; css_animation=&#8221;&#8221;][vc_column][vc_column_text]\n<p style=\"text-align: center;\"><a href=\"https:\/\/istsummit.com\/wp-content\/uploads\/2019\/10\/ENTR091019-2.pdf\"><img loading=\"lazy\" decoding=\"async\" class=\"aligncenter wp-image-318 size-thumbnail\" src=\"https:\/\/istsummit.com\/wp-content\/uploads\/2013\/12\/PDF-Documents-150x150.png\" alt=\"PDF Documents\" width=\"150\" height=\"150\" srcset=\"https:\/\/istsummit.com\/wp-content\/uploads\/2013\/12\/PDF-Documents-150x150.png 150w, https:\/\/istsummit.com\/wp-content\/uploads\/2013\/12\/PDF-Documents-300x300.png 300w, https:\/\/istsummit.com\/wp-content\/uploads\/2013\/12\/PDF-Documents-212x212.png 212w, https:\/\/istsummit.com\/wp-content\/uploads\/2013\/12\/PDF-Documents-47x47.png 47w, https:\/\/istsummit.com\/wp-content\/uploads\/2013\/12\/PDF-Documents.png 512w\" sizes=\"(max-width: 150px) 100vw, 150px\" \/><\/a><\/p>\n[\/vc_column_text][vc_column_text]\n<h3 style=\"text-align: center;\"><a href=\"https:\/\/istsummit.com\/wp-content\/uploads\/2019\/10\/ENTR091019-2.pdf\"><strong>IFS&#8217;19 Program\u0131 i\u00e7in l\u00fctfen t\u0131klay\u0131n\u0131z.<\/strong><\/a><\/h3>\n[\/vc_column_text][\/vc_column][\/vc_row][vc_row row_type=&#8221;row&#8221; text_align=&#8221;left&#8221; css_animation=&#8221;&#8221;][vc_column][vc_separator type=&#8221;transparent&#8221; down=&#8221;20&#8243; up=&#8221;20&#8243;][\/vc_column][\/vc_row][vc_row row_type=&#8221;row&#8221; text_align=&#8221;left&#8221; css_animation=&#8221;&#8221;][vc_column][vc_column_text]\n<p style=\"text-align: center;\"><a title=\"Program 2018\" href=\"https:\/\/istsummit.com\/wp-content\/uploads\/2013\/12\/IFS-2018-TR_02_19-09-2018_01.pdf\" target=\"_blank\" rel=\"noopener noreferrer\"><img loading=\"lazy\" decoding=\"async\" class=\"aligncenter wp-image-318\" src=\"https:\/\/istsummit.com\/wp-content\/uploads\/2013\/12\/PDF-Documents-150x150.png\" alt=\"PDF Documents\" width=\"80\" height=\"80\" srcset=\"https:\/\/istsummit.com\/wp-content\/uploads\/2013\/12\/PDF-Documents-150x150.png 150w, https:\/\/istsummit.com\/wp-content\/uploads\/2013\/12\/PDF-Documents-300x300.png 300w, https:\/\/istsummit.com\/wp-content\/uploads\/2013\/12\/PDF-Documents-212x212.png 212w, https:\/\/istsummit.com\/wp-content\/uploads\/2013\/12\/PDF-Documents-47x47.png 47w, https:\/\/istsummit.com\/wp-content\/uploads\/2013\/12\/PDF-Documents.png 512w\" sizes=\"(max-width: 80px) 100vw, 80px\" \/><\/a><\/p>\n[\/vc_column_text][vc_column_text]\n<h3 style=\"text-align: center;\"><a href=\"https:\/\/istsummit.com\/wp-content\/uploads\/2013\/12\/IFS-2018-TR_02_19-09-2018_01.pdf\" target=\"_blank\" rel=\"noopener noreferrer\"><strong>IFS&#8217;18 Program\u0131 i\u00e7in l\u00fctfen t\u0131klay\u0131n\u0131z.<\/strong><\/a><\/h3>\n[\/vc_column_text][\/vc_column][\/vc_row][vc_row row_type=&#8221;row&#8221; text_align=&#8221;left&#8221; css_animation=&#8221;&#8221;][vc_column][vc_separator type=&#8221;transparent&#8221; down=&#8221;20&#8243; up=&#8221;20&#8243;][\/vc_column][\/vc_row][vc_row row_type=&#8221;row&#8221; text_align=&#8221;left&#8221; css_animation=&#8221;&#8221;][vc_column width=&#8221;1\/3&#8243;][vc_column_text]\n<p style=\"text-align: center;\"><a title=\"Program 2017\" href=\"https:\/\/istsummit.com\/wp-content\/uploads\/2013\/12\/IFS-2017-TR_26-09-2017.pdf\" target=\"_blank\" rel=\"noopener noreferrer\"><img loading=\"lazy\" decoding=\"async\" class=\"aligncenter wp-image-318\" src=\"https:\/\/istsummit.com\/wp-content\/uploads\/2013\/12\/PDF-Documents-150x150.png\" alt=\"PDF Documents\" width=\"80\" height=\"80\" srcset=\"https:\/\/istsummit.com\/wp-content\/uploads\/2013\/12\/PDF-Documents-150x150.png 150w, https:\/\/istsummit.com\/wp-content\/uploads\/2013\/12\/PDF-Documents-300x300.png 300w, https:\/\/istsummit.com\/wp-content\/uploads\/2013\/12\/PDF-Documents-212x212.png 212w, https:\/\/istsummit.com\/wp-content\/uploads\/2013\/12\/PDF-Documents-47x47.png 47w, https:\/\/istsummit.com\/wp-content\/uploads\/2013\/12\/PDF-Documents.png 512w\" sizes=\"(max-width: 80px) 100vw, 80px\" \/><\/a><\/p>\n[\/vc_column_text][vc_column_text]\n<h3 style=\"text-align: center;\"><a href=\"https:\/\/istsummit.com\/wp-content\/uploads\/2013\/12\/IFS-2017-TR_26-09-2017.pdf\" target=\"_blank\" rel=\"noopener noreferrer\"><strong>IFS&#8217;17 Program\u0131 i\u00e7in l\u00fctfen t\u0131klay\u0131n\u0131z.<\/strong><\/a><\/h3>\n[\/vc_column_text][\/vc_column][vc_column width=&#8221;1\/3&#8243;][vc_column_text]\n<p style=\"text-align: center;\"><a title=\"Program 2016\" href=\"https:\/\/istsummit.com\/wp-content\/uploads\/2016\/09\/IFS-2016-05.09.2016_TR_YC.pdf\" target=\"_blank\" rel=\"noopener noreferrer\"><img loading=\"lazy\" decoding=\"async\" class=\"aligncenter wp-image-318\" src=\"https:\/\/istsummit.com\/wp-content\/uploads\/2013\/12\/PDF-Documents-150x150.png\" alt=\"PDF Documents\" width=\"80\" height=\"80\" srcset=\"https:\/\/istsummit.com\/wp-content\/uploads\/2013\/12\/PDF-Documents-150x150.png 150w, https:\/\/istsummit.com\/wp-content\/uploads\/2013\/12\/PDF-Documents-300x300.png 300w, https:\/\/istsummit.com\/wp-content\/uploads\/2013\/12\/PDF-Documents-212x212.png 212w, https:\/\/istsummit.com\/wp-content\/uploads\/2013\/12\/PDF-Documents-47x47.png 47w, https:\/\/istsummit.com\/wp-content\/uploads\/2013\/12\/PDF-Documents.png 512w\" sizes=\"(max-width: 80px) 100vw, 80px\" \/><\/a><\/p>\n[\/vc_column_text][vc_column_text]\n<h3 style=\"text-align: center;\"><a href=\"https:\/\/istsummit.com\/wp-content\/uploads\/2016\/09\/IFS-2016-05.09.2016_TR_YC.pdf\" target=\"_blank\" rel=\"noopener noreferrer\"><strong>IFS&#8217;16 Program\u0131 i\u00e7in l\u00fctfen t\u0131klay\u0131n\u0131z.<\/strong><\/a><\/h3>\n[\/vc_column_text][\/vc_column][vc_column width=&#8221;1\/3&#8243;][vc_column_text]\n<p style=\"text-align: center;\"><a title=\"Program 2015\" href=\"https:\/\/istsummit.com\/wp-content\/uploads\/2013\/12\/Programme_V01-06092015_TR.pdf\" target=\"_blank\" rel=\"noopener noreferrer\"><img loading=\"lazy\" decoding=\"async\" class=\"aligncenter wp-image-318\" src=\"https:\/\/istsummit.com\/wp-content\/uploads\/2013\/12\/PDF-Documents-150x150.png\" alt=\"PDF Documents\" width=\"80\" height=\"80\" srcset=\"https:\/\/istsummit.com\/wp-content\/uploads\/2013\/12\/PDF-Documents-150x150.png 150w, https:\/\/istsummit.com\/wp-content\/uploads\/2013\/12\/PDF-Documents-300x300.png 300w, https:\/\/istsummit.com\/wp-content\/uploads\/2013\/12\/PDF-Documents-212x212.png 212w, https:\/\/istsummit.com\/wp-content\/uploads\/2013\/12\/PDF-Documents-47x47.png 47w, https:\/\/istsummit.com\/wp-content\/uploads\/2013\/12\/PDF-Documents.png 512w\" sizes=\"(max-width: 80px) 100vw, 80px\" \/><\/a><\/p>\n[\/vc_column_text][vc_column_text]\n<h3 style=\"text-align: center;\"><a href=\"https:\/\/istsummit.com\/wp-content\/uploads\/2013\/12\/Programme_V01-06092015_TR.pdf\" target=\"_blank\" rel=\"noopener noreferrer\"><strong>IFS&#8217;15 Program\u0131 i\u00e7in l\u00fctfen t\u0131klay\u0131n\u0131z.<\/strong><\/a><\/h3>\n[\/vc_column_text][\/vc_column][\/vc_row][vc_row row_type=&#8221;row&#8221; text_align=&#8221;left&#8221; css_animation=&#8221;&#8221;][vc_column width=&#8221;1\/4&#8243;][vc_column_text]\n<p style=\"text-align: center;\"><a title=\"Program 2014\" href=\"https:\/\/istsummit.com\/wp-content\/uploads\/2013\/12\/Programme_V01-15092014_TR1.pdf\" target=\"_blank\" rel=\"noopener noreferrer\"><img loading=\"lazy\" decoding=\"async\" class=\"aligncenter wp-image-318\" src=\"https:\/\/istsummit.com\/wp-content\/uploads\/2013\/12\/PDF-Documents-150x150.png\" alt=\"PDF Documents\" width=\"80\" height=\"80\" srcset=\"https:\/\/istsummit.com\/wp-content\/uploads\/2013\/12\/PDF-Documents-150x150.png 150w, https:\/\/istsummit.com\/wp-content\/uploads\/2013\/12\/PDF-Documents-300x300.png 300w, https:\/\/istsummit.com\/wp-content\/uploads\/2013\/12\/PDF-Documents-212x212.png 212w, https:\/\/istsummit.com\/wp-content\/uploads\/2013\/12\/PDF-Documents-47x47.png 47w, https:\/\/istsummit.com\/wp-content\/uploads\/2013\/12\/PDF-Documents.png 512w\" sizes=\"(max-width: 80px) 100vw, 80px\" \/><\/a><\/p>\n[\/vc_column_text][vc_column_text]\n<h3 style=\"text-align: center;\"><a href=\"https:\/\/istsummit.com\/wp-content\/uploads\/2013\/12\/Programme_V01-15092014_TR1.pdf\" target=\"_blank\" rel=\"noopener noreferrer\"><strong>IFS&#8217;14 Program\u0131 i\u00e7in l\u00fctfen t\u0131klay\u0131n\u0131z.<\/strong><\/a><\/h3>\n[\/vc_column_text][\/vc_column][vc_column width=&#8221;1\/4&#8243;][vc_column_text]\n<p style=\"text-align: center;\"><a title=\"Program 2013\" href=\"https:\/\/istsummit.com\/wp-content\/uploads\/2014\/01\/Programme_2013_tr.pdf\" target=\"_blank\" rel=\"noopener noreferrer\"><img loading=\"lazy\" decoding=\"async\" class=\"aligncenter wp-image-318\" src=\"https:\/\/istsummit.com\/wp-content\/uploads\/2013\/12\/PDF-Documents-150x150.png\" alt=\"PDF Documents\" width=\"80\" height=\"80\" srcset=\"https:\/\/istsummit.com\/wp-content\/uploads\/2013\/12\/PDF-Documents-150x150.png 150w, https:\/\/istsummit.com\/wp-content\/uploads\/2013\/12\/PDF-Documents-300x300.png 300w, https:\/\/istsummit.com\/wp-content\/uploads\/2013\/12\/PDF-Documents-212x212.png 212w, https:\/\/istsummit.com\/wp-content\/uploads\/2013\/12\/PDF-Documents-47x47.png 47w, https:\/\/istsummit.com\/wp-content\/uploads\/2013\/12\/PDF-Documents.png 512w\" sizes=\"(max-width: 80px) 100vw, 80px\" \/><\/a><\/p>\n[\/vc_column_text][vc_column_text]\n<h3 style=\"text-align: center;\"><a href=\"https:\/\/istsummit.com\/wp-content\/uploads\/2014\/01\/Programme_2013_tr.pdf\"><strong>IFS&#8217;13 Program\u0131 i\u00e7in l\u00fctfen t\u0131klay\u0131n\u0131z.<\/strong><\/a><\/h3>\n[\/vc_column_text][\/vc_column][vc_column width=&#8221;1\/4&#8243;][vc_column_text]\n<p style=\"text-align: center;\"><a title=\"Program 2012\" href=\"https:\/\/istsummit.com\/wp-content\/uploads\/2014\/01\/IFS_2012_program_TR_21092012.pdf\" target=\"_blank\" rel=\"noopener noreferrer\"><img loading=\"lazy\" decoding=\"async\" class=\"aligncenter wp-image-318\" src=\"https:\/\/istsummit.com\/wp-content\/uploads\/2013\/12\/PDF-Documents-150x150.png\" alt=\"PDF Documents\" width=\"80\" height=\"80\" srcset=\"https:\/\/istsummit.com\/wp-content\/uploads\/2013\/12\/PDF-Documents-150x150.png 150w, https:\/\/istsummit.com\/wp-content\/uploads\/2013\/12\/PDF-Documents-300x300.png 300w, https:\/\/istsummit.com\/wp-content\/uploads\/2013\/12\/PDF-Documents-212x212.png 212w, https:\/\/istsummit.com\/wp-content\/uploads\/2013\/12\/PDF-Documents-47x47.png 47w, https:\/\/istsummit.com\/wp-content\/uploads\/2013\/12\/PDF-Documents.png 512w\" sizes=\"(max-width: 80px) 100vw, 80px\" \/><\/a><\/p>\n[\/vc_column_text][vc_column_text]\n<h3 style=\"text-align: center;\"><a href=\"https:\/\/istsummit.com\/wp-content\/uploads\/2014\/01\/IFS_2012_program_TR_21092012.pdf\" target=\"_blank\" rel=\"noopener noreferrer\"><strong>IFS&#8217;12 Program\u0131 i\u00e7in l\u00fctfen t\u0131klay\u0131n\u0131z.<\/strong><\/a><\/h3>\n[\/vc_column_text][\/vc_column][vc_column width=&#8221;1\/4&#8243;][vc_column_text]\n<p style=\"text-align: center;\"><a title=\"Program 2011\" href=\"https:\/\/istsummit.com\/wp-content\/uploads\/2014\/01\/2011-IFS-program_turkce.pdf\" target=\"_blank\" rel=\"noopener noreferrer\"><img loading=\"lazy\" decoding=\"async\" class=\"aligncenter wp-image-318\" src=\"https:\/\/istsummit.com\/wp-content\/uploads\/2013\/12\/PDF-Documents-150x150.png\" alt=\"PDF Documents\" width=\"80\" height=\"80\" srcset=\"https:\/\/istsummit.com\/wp-content\/uploads\/2013\/12\/PDF-Documents-150x150.png 150w, https:\/\/istsummit.com\/wp-content\/uploads\/2013\/12\/PDF-Documents-300x300.png 300w, https:\/\/istsummit.com\/wp-content\/uploads\/2013\/12\/PDF-Documents-212x212.png 212w, https:\/\/istsummit.com\/wp-content\/uploads\/2013\/12\/PDF-Documents-47x47.png 47w, https:\/\/istsummit.com\/wp-content\/uploads\/2013\/12\/PDF-Documents.png 512w\" sizes=\"(max-width: 80px) 100vw, 80px\" \/><\/a><\/p>\n[\/vc_column_text][vc_column_text]\n<h3 style=\"text-align: center;\"><a href=\"https:\/\/istsummit.com\/wp-content\/uploads\/2014\/01\/2011-IFS-program_turkce.pdf\" target=\"_blank\" rel=\"noopener noreferrer\"><strong>IFS&#8217;11 Program\u0131 i\u00e7in l\u00fctfen t\u0131klay\u0131n\u0131z.<\/strong><\/a><\/h3>\n[\/vc_column_text][\/vc_column][\/vc_row][vc_row row_type=&#8221;row&#8221; text_align=&#8221;left&#8221; css_animation=&#8221;&#8221;][vc_column][vc_separator type=&#8221;transparent&#8221; down=&#8221;40&#8243; up=&#8221;40&#8243;][\/vc_column][\/vc_row]\n<\/div>","protected":false},"excerpt":{"rendered":"<p>[vc_row row_type=&#8221;row&#8221; text_align=&#8221;left&#8221; css_animation=&#8221;&#8221;][vc_column][vc_column_text] IFS&#8217;19 Ana Tema: Finansal Metamorfoz ve Gelece\u011fe D\u00f6n\u00fc\u015f [\/vc_column_text][\/vc_column][\/vc_row][vc_row row_type=&#8221;row&#8221; text_align=&#8221;left&#8221; css_animation=&#8221;&#8221;][vc_column][vc_separator type=&#8221;transparent&#8221; down=&#8221;20&#8243; up=&#8221;20&#8243;][\/vc_column][\/vc_row][vc_row row_type=&#8221;row&#8221; text_align=&#8221;left&#8221; css_animation=&#8221;&#8221;][vc_column][vc_column_text] [\/vc_column_text][\/vc_column][\/vc_row][vc_row row_type=&#8221;row&#8221; text_align=&#8221;left&#8221; css_animation=&#8221;&#8221;][vc_column][vc_separator type=&#8221;transparent&#8221; down=&#8221;20&#8243; up=&#8221;20&#8243;][\/vc_column][\/vc_row][vc_row row_type=&#8221;row&#8221; text_align=&#8221;left&#8221; css_animation=&#8221;&#8221;][vc_column][vc_column_text] [\/vc_column_text][vc_column_text] IFS&#8217;19 Program\u0131 i\u00e7in l\u00fctfen t\u0131klay\u0131n\u0131z. [\/vc_column_text][\/vc_column][\/vc_row][vc_row row_type=&#8221;row&#8221; text_align=&#8221;left&#8221; css_animation=&#8221;&#8221;][vc_column][vc_separator type=&#8221;transparent&#8221; down=&#8221;20&#8243; up=&#8221;20&#8243;][\/vc_column][\/vc_row][vc_row&#8230;<\/p>\n","protected":false},"author":1,"featured_media":0,"parent":0,"menu_order":0,"comment_status":"open","ping_status":"open","template":"","meta":{"footnotes":""},"class_list":["post-14","page","type-page","status-publish","hentry"],"_links":{"self":[{"href":"https:\/\/istsummit.com\/tr\/wp-json\/wp\/v2\/pages\/14"}],"collection":[{"href":"https:\/\/istsummit.com\/tr\/wp-json\/wp\/v2\/pages"}],"about":[{"href":"https:\/\/istsummit.com\/tr\/wp-json\/wp\/v2\/types\/page"}],"author":[{"embeddable":true,"href":"https:\/\/istsummit.com\/tr\/wp-json\/wp\/v2\/users\/1"}],"replies":[{"embeddable":true,"href":"https:\/\/istsummit.com\/tr\/wp-json\/wp\/v2\/comments?post=14"}],"version-history":[{"count":131,"href":"https:\/\/istsummit.com\/tr\/wp-json\/wp\/v2\/pages\/14\/revisions"}],"predecessor-version":[{"id":4950,"href":"https:\/\/istsummit.com\/tr\/wp-json\/wp\/v2\/pages\/14\/revisions\/4950"}],"wp:attachment":[{"href":"https:\/\/istsummit.com\/tr\/wp-json\/wp\/v2\/media?parent=14"}],"curies":[{"name":"wp","href":"https:\/\/api.w.org\/{rel}","templated":true}]}}