{"id":10,"date":"2013-12-07T03:43:17","date_gmt":"2013-12-07T01:43:17","guid":{"rendered":"https:\/\/istsummit.com\/?page_id=10"},"modified":"2020-07-10T21:42:20","modified_gmt":"2020-07-10T18:42:20","slug":"anasayfa","status":"publish","type":"page","link":"https:\/\/istsummit.com\/tr\/","title":{"rendered":"ANASAYFA"},"content":{"rendered":"<div class=\"wpb-content-wrapper\">[vc_row row_type=&#8221;row&#8221; text_align=&#8221;left&#8221; css_animation=&#8221;&#8221;][vc_column][layerslider_vc id=&#8221;1&#8243;][\/vc_column][\/vc_row][vc_row row_type=&#8221;section&#8221; type=&#8221;grid&#8221; text_align=&#8221;left&#8221; video=&#8221;&#8221; background_color=&#8221;#024873&#8243;][vc_column]<span class=\"custom_font_holder\" style=\"font-family: Pt Sans; font-size: 45px; line-height: 45px; font-style: normal; font-weight: 300; color: #ffffff; text-decoration: none; background-color: #024873; margin: 10px 0px 20px 0px; text-align: center;\">\n<h2><a href=\"https:\/\/istsummit.com\/wp-content\/uploads\/2019\/09\/22-1-1024x197-1.png\"><img loading=\"lazy\" decoding=\"async\" class=\"wp-image-3662 aligncenter\" src=\"https:\/\/istsummit.com\/wp-content\/uploads\/2019\/09\/22-1-1024x197-1.png\" alt=\"\" width=\"348\" height=\"67\" srcset=\"https:\/\/istsummit.com\/wp-content\/uploads\/2019\/09\/22-1-1024x197-1.png 1024w, https:\/\/istsummit.com\/wp-content\/uploads\/2019\/09\/22-1-1024x197-1-300x58.png 300w, https:\/\/istsummit.com\/wp-content\/uploads\/2019\/09\/22-1-1024x197-1-768x148.png 768w\" sizes=\"(max-width: 348px) 100vw, 348px\" \/><\/a><\/h2>\n<\/span><span class=\"custom_font_holder\" style=\"font-family: Pt Sans; font-size: 18px; line-height: 20px; font-style: normal; font-weight: 400; color: #ffffff; text-decoration: none; background-color: #024873; text-align: center;\">\n<h4><span style=\"color: #ffffff;\"><strong>Swissotel The Bosphorus &#8211; Istanbul<\/strong><\/span><\/h4>\n<h2><span style=\"color: #ffffff;\">9-10 Ekim 2019<\/span><\/h2>\n<\/span><span class=\"custom_font_holder\" style=\"font-family: Pt Sans; font-size: 18px; line-height: 20px; font-style: normal; font-weight: 400; color: #ffffff; text-decoration: none; background-color: #024873; text-align: center;\">\n<h2><span style=\"color: #ffffff;\">ISTANBUL<\/span><\/h2>\n<\/span>[\/vc_column][\/vc_row][vc_row row_type=&#8221;section&#8221; type=&#8221;grid&#8221; text_align=&#8221;left&#8221; video=&#8221;&#8221;][vc_column width=&#8221;1\/2&#8243;][vc_separator type=&#8221;transparent&#8221; down=&#8221;20&#8243; up=&#8221;20&#8243;][vc_column_text]\n<h3 style=\"text-align: justify;\">\u0130STANBUL F\u0130NANS Z\u0130RVES\u0130<\/h3>\n<p style=\"text-align: justify;\">[vc_separator type=&#8217;transparent&#8217; color=&#8221; thickness=&#8221; up=&#8217;10&#8217; down=&#8217;10&#8217;]\n<p>19-20 Eyl\u00fcl 2018 tarihlerinde Hilton Istanbul Bomonti\u2019de \u201cTicaret Sava\u015flar\u0131 ve Sanayinin Finansman\u0131\u201d ana temas\u0131yla ger\u00e7ekle\u015ftirilen 9. \u0130stanbul Finans Zirvesi, bu y\u0131l 6 \u00fclkeden 41 konu\u015fmac\u0131y\u0131 ve 23 \u00fclkeden 782 kat\u0131l\u0131mc\u0131y\u0131 misafir etmi\u015ftir.<\/p>\n<p style=\"text-align: justify;\">[vc_separator type=&#8217;transparent&#8217; color=&#8221; thickness=&#8221; up=&#8217;10&#8217; down=&#8217;10&#8217;]\n<p>132 yerli ve yabanc\u0131 bas\u0131n mensubu taraf\u0131ndan takip edilen zirve, 214 farkl\u0131 ulusal ve uluslararas\u0131 gazete ve dergide haber olarak yay\u0131nlanm\u0131\u015ft\u0131r.<\/p>\n[vc_separator type=&#8217;transparent&#8217; color=&#8221; thickness=&#8221; up=&#8217;10&#8217; down=&#8217;10&#8217;][\/vc_column_text][vc_separator type=&#8221;transparent&#8221; down=&#8221;20&#8243; up=&#8221;20&#8243;][\/vc_column][vc_column width=&#8221;1\/2&#8243;][vc_separator type=&#8221;transparent&#8221; down=&#8221;20&#8243; up=&#8221;62&#8243;][vc_column_text]19 farkl\u0131 TV kanal\u0131nda izleyicilerle bulu\u015fan 9. \u0130stanbul Finans Zirvesi\u2019nin \u00f6nemli bir b\u00f6l\u00fcm\u00fc de canl\u0131 olarak ekranlara yans\u0131m\u0131\u015f, 1615 farkl\u0131 internet sitesinde haber yap\u0131lm\u0131\u015ft\u0131r.<\/p>\n<p style=\"text-align: justify;\">[vc_separator type=&#8217;transparent&#8217; color=&#8221; thickness=&#8221; up=&#8217;10&#8217; down=&#8217;10&#8217;]\n<p>IFS\u201918 ile ilgili t\u00fcm video ve foto\u011fraflara <a href=\"https:\/\/istsummit.com\/galeri\/?lang=trk\">buradan<\/a> ula\u015fabilirsiniz.<\/p>\n<p style=\"text-align: justify;\">[vc_separator type=&#8217;transparent&#8217; color=&#8221; thickness=&#8221; up=&#8217;10&#8217; down=&#8217;10&#8217;]\n<p>IFS\u201919 \u2018de bulu\u015fmak dile\u011fi ile\u2026[\/vc_column_text][vc_separator type=&#8221;transparent&#8221; down=&#8221;20&#8243; up=&#8221;20&#8243;][\/vc_column][\/vc_row][vc_row row_type=&#8221;row&#8221; text_align=&#8221;left&#8221; css_animation=&#8221;&#8221;][vc_column][\/vc_column][\/vc_row][vc_row row_type=&#8221;row&#8221; text_align=&#8221;left&#8221; css_animation=&#8221;&#8221;][vc_column][vc_separator type=&#8221;transparent&#8221; down=&#8221;20&#8243; up=&#8221;20&#8243;][vc_text_separator title=&#8221;MEKAN&#8221; border=&#8221;yes&#8221; icon=&#8221;&#8221; border_color=&#8221;#ffffff&#8221; text_color=&#8221;#1e73be&#8221;][vc_separator type=&#8221;transparent&#8221; down=&#8221;20&#8243; up=&#8221;20&#8243;][\/vc_column][\/vc_row][vc_row row_type=&#8221;row&#8221; text_align=&#8221;left&#8221; css_animation=&#8221;&#8221;][vc_column][vc_separator type=&#8221;transparent&#8221; down=&#8221;20&#8243; up=&#8221;20&#8243;][vc_text_separator title=&#8221;Kat\u0131l\u0131mc\u0131lar\u0131m\u0131z\u0131n G\u00f6r\u00fc\u015fleri&#8221; border=&#8221;yes&#8221; icon=&#8221;&#8221; border_color=&#8221;#ffffff&#8221; text_color=&#8221;#1e73be&#8221;][\/vc_column][\/vc_row][vc_row row_type=&#8221;section&#8221; type=&#8221;grid&#8221; text_align=&#8221;left&#8221; video=&#8221;&#8221;][vc_column][vc_separator type=&#8221;transparent&#8221;][vc_column_text][vc_separator type=&#8221;transparent&#8221; up=&#8221;41&#8243; down=&#8221;40&#8243;][vc_column_text]<a style=\"line-height: 1.5em;\" href=\"https:\/\/istsummit.com\/wp-content\/uploads\/2013\/12\/rehan_n_chaudhri.jpg\"><img loading=\"lazy\" decoding=\"async\" class=\"size-full wp-image-962 alignright\" src=\"https:\/\/istsummit.com\/wp-content\/uploads\/2013\/12\/rehan_n_chaudhri.jpg\" alt=\"rehan_n_chaudhri\" width=\"100\" height=\"120\" \/><\/a><\/p>\n<p style=\"text-align: justify;\"><em><span style=\"line-height: 1.5em;\">&#8220;\u0130stanbul Finans Zirvesi, T\u00fcrkiye ve d\u00fcnyadan en etkili konu\u015fmac\u0131lar\u0131 bir araya getirerek, benim gibi ABD\u2019den kat\u0131lan yat\u0131r\u0131mc\u0131lar ile k\u00fcresel yat\u0131r\u0131mc\u0131lar a\u00e7\u0131s\u0131ndan son derece faydal\u0131 bir zirve olmu\u015ftur. Yak\u0131n gelecekte T\u00fcrkiye d\u00f6n\u00fclemez bir liberalle\u015fme ve sermaye kazan\u0131m\u0131 s\u00fcrecine girecektir. Stratejik konumu itibar\u0131 ile \u0130stanbul, Do\u011fu Avrupa, Orta Do\u011fu, Orta Asya ve Afrika\u2019n\u0131n s\u00fcper stratejik finansal b\u00f6lgesi olmaya aday bir konumdad\u0131r. T\u00fcrk firmalar\u0131n\u0131 d\u0131\u015fa a\u00e7\u0131lan b\u00fcy\u00fcme a\u00e7\u0131s\u0131ndan son derece dinamik bir tablo sergilemektedir. T\u00fcrk h\u00fck\u00fcmetinin liberalle\u015fme konusunda daha fazla ad\u0131m atmas\u0131 ve uygulanacak vergi te\u015fvikleri de halihaz\u0131rda h\u0131zl\u0131 b\u00fcy\u00fcme g\u00f6steren T\u00fcrkiye ekonomisine itici bir g\u00fc\u00e7 olarak katk\u0131 sa\u011flayacakt\u0131r inanc\u0131nday\u0131m. \u0130stanbul Finans Zirvesine konu\u015fmac\u0131 olarak kat\u0131lmaktan duydu\u011fum memnuniyeti ve \u00f6n\u00fcm\u00fczdeki d\u00f6nemlerde de \u0130stanbul\u2019da olmay\u0131 arzu etti\u011fimi belirtmek isterim.\u201d<\/span><\/em><\/p>\n<p style=\"text-align: left;\"><strong>Rehan N. Chaudri<\/strong><\/p>\n<p style=\"text-align: left;\"><strong><span style=\"line-height: 1.5em;\">Y\u00f6netici, Altrinsic Global Dan\u0131\u015fmanl\u0131k, \u0130ngiltere<\/span><\/strong><\/p>\n[\/vc_column_text][vc_separator type=&#8221;transparent&#8221;][vc_separator type=&#8221;transparent&#8221;][vc_column_text]<a href=\"https:\/\/istsummit.com\/wp-content\/uploads\/2013\/12\/p\u0131nar-eczac\u0131ba\u015f\u0131-Copy.jpg\"><img loading=\"lazy\" decoding=\"async\" class=\"wp-image-1731 size-full alignleft\" src=\"https:\/\/istsummit.com\/wp-content\/uploads\/2013\/12\/p\u0131nar-eczac\u0131ba\u015f\u0131-Copy.jpg\" alt=\"\" width=\"100\" height=\"120\" \/><\/a> <em>&#8220;IFS\u201914 Finans d\u00fcnyas\u0131n\u0131n g\u00fcndemini yakalayan i\u00e7eri\u011fi ve konuklar\u0131yla bu sene de son derece \u00f6nemli bir zirve olmu\u015ftur.<\/em> <em>\u0130stanbul&#8217;un finans merkezi olma yolunda at\u0131lan \u00e7abalar ve \u00f6zellikle giri\u015fim sermayesi, islami finans gibi yenilik\u00e7i finansal enstr\u00fcmanlar\u0131n tart\u0131\u015f\u0131ld\u0131\u011f\u0131 paneller izleyenler a\u00e7\u0131s\u0131ndan da \u00e7ok olumlu kar\u015f\u0131lanm\u0131\u015f ve bilgilendirici olmu\u015ftur.<\/em> <em>Bu kapsamda ba\u015far\u0131l\u0131 \u00e7al\u0131\u015fmalar\u0131ndan dolay\u0131 t\u00fcm IFS ekibine te\u015fekk\u00fcrlerimi sunar\u0131m.&#8221;<\/em><\/p>\n<p style=\"text-align: right;\"><strong>P\u0131nar Eczac\u0131ba\u015f\u0131<\/strong><\/p>\n<p style=\"text-align: right;\"><strong>Y\u00f6netici Ortak, GP-Trust Finansal Y\u00f6netim ve Dan\u0131\u015fmanl\u0131k Hizmetleri Ltd.<\/strong><\/p>\n<p style=\"text-align: right;\"><strong>T\u00fcrkiye<\/strong><\/p>\n[\/vc_column_text][vc_separator type=&#8221;transparent&#8221; down=&#8221;20&#8243; up=&#8221;20&#8243;][vc_column_text]\n<h3 style=\"text-align: right;\"><span style=\"color: #3366ff;\"><a href=\"https:\/\/istsummit.com\/gorusler\/?lang=trk\" target=\"_blank\" rel=\"noopener noreferrer\"><span style=\"color: #3366ff;\">Devam\u0131 i\u00e7in l\u00fctfen t\u0131klay\u0131n\u0131z&#8230;<\/span><\/a><\/span><\/h3>\n[\/vc_column_text][vc_separator type=&#8221;transparent&#8221; down=&#8221;20&#8243; up=&#8221;20&#8243;][\/vc_column][\/vc_row][vc_row row_type=&#8221;section&#8221; type=&#8221;full_width&#8221; text_align=&#8221;left&#8221; video=&#8221;&#8221; padding_top=&#8221;0&#8243; padding_bottom=&#8221;0&#8243;][vc_column][vc_single_image image=&#8221;2877&#8243; img_size=&#8221;1920&#215;600&#8243;][\/vc_column][\/vc_row]\n<\/div>","protected":false},"excerpt":{"rendered":"<p>[vc_row row_type=&#8221;row&#8221; text_align=&#8221;left&#8221; css_animation=&#8221;&#8221;][vc_column][layerslider_vc id=&#8221;1&#8243;][\/vc_column][\/vc_row][vc_row row_type=&#8221;section&#8221; type=&#8221;grid&#8221; text_align=&#8221;left&#8221; video=&#8221;&#8221; background_color=&#8221;#024873&#8243;][vc_column][\/vc_column][\/vc_row][vc_row row_type=&#8221;section&#8221; type=&#8221;grid&#8221; text_align=&#8221;left&#8221; video=&#8221;&#8221;][vc_column width=&#8221;1\/2&#8243;][vc_separator type=&#8221;transparent&#8221; down=&#8221;20&#8243; up=&#8221;20&#8243;][vc_column_text] \u0130STANBUL F\u0130NANS Z\u0130RVES\u0130 [vc_separator type=&#8217;transparent&#8217; color=&#8221; thickness=&#8221; up=&#8217;10&#8217; down=&#8217;10&#8217;] 19-20 Eyl\u00fcl 2018 tarihlerinde Hilton Istanbul Bomonti\u2019de \u201cTicaret Sava\u015flar\u0131 ve Sanayinin Finansman\u0131\u201d ana temas\u0131yla ger\u00e7ekle\u015ftirilen 9. \u0130stanbul Finans&#8230;<\/p>\n","protected":false},"author":1,"featured_media":0,"parent":0,"menu_order":0,"comment_status":"closed","ping_status":"closed","template":"full_width.php","meta":{"footnotes":""},"class_list":["post-10","page","type-page","status-publish","hentry"],"_links":{"self":[{"href":"https:\/\/istsummit.com\/tr\/wp-json\/wp\/v2\/pages\/10"}],"collection":[{"href":"https:\/\/istsummit.com\/tr\/wp-json\/wp\/v2\/pages"}],"about":[{"href":"https:\/\/istsummit.com\/tr\/wp-json\/wp\/v2\/types\/page"}],"author":[{"embeddable":true,"href":"https:\/\/istsummit.com\/tr\/wp-json\/wp\/v2\/users\/1"}],"replies":[{"embeddable":true,"href":"https:\/\/istsummit.com\/tr\/wp-json\/wp\/v2\/comments?post=10"}],"version-history":[{"count":116,"href":"https:\/\/istsummit.com\/tr\/wp-json\/wp\/v2\/pages\/10\/revisions"}],"predecessor-version":[{"id":5243,"href":"https:\/\/istsummit.com\/tr\/wp-json\/wp\/v2\/pages\/10\/revisions\/5243"}],"wp:attachment":[{"href":"https:\/\/istsummit.com\/tr\/wp-json\/wp\/v2\/media?parent=10"}],"curies":[{"name":"wp","href":"https:\/\/api.w.org\/{rel}","templated":true}]}}